{"id":6081,"date":"2026-04-23T15:07:38","date_gmt":"2026-04-23T13:07:38","guid":{"rendered":"https:\/\/merani.be\/?post_type=product&#038;p=6081"},"modified":"2026-04-23T15:07:38","modified_gmt":"2026-04-23T13:07:38","slug":"lubrifiant-pour-coupe-menstruelle","status":"publish","type":"product","link":"https:\/\/merani.be\/fr\/product\/glijmiddel-voor-menstruatiecups\/","title":{"rendered":"Lubrifiant pour coupe menstruelle"},"content":{"rendered":"<h4>La signification et l'utilisation du lubrifiant pour coupe menstruelle<\/h4>\n<ul>\n<li class=\"advantage-item advantage-item02\">\n<div class=\"item-inner\">\n<div class=\"item-info item-infos01\">\n<ul>\n<li>Ces derni\u00e8res ann\u00e9es, les coupes menstruelles sont devenues une option durable et pratique pour les personnes qui ont leurs r\u00e8gles. Cependant, pour am\u00e9liorer le confort et la facilit\u00e9 d'utilisation, le lubrifiant pour coupe menstruelle joue un r\u00f4le crucial.<\/li>\n<li><i><\/i>Le lubrifiant pour coupe menstruelle est sp\u00e9cialement formul\u00e9 pour r\u00e9pondre aux besoins uniques de l'utilisation d'une coupe menstruelle. Il est g\u00e9n\u00e9ralement compos\u00e9 d'ingr\u00e9dients doux pour la peau et respectueux de la muqueuse vaginale sensible. L'un des principaux avantages de l'utilisation d'un lubrifiant est qu'il facilite l'insertion et le retrait de la coupe menstruelle. L'insertion d'une coupe menstruelle sans lubrifiant ad\u00e9quat peut entra\u00eener une g\u00eane, voire de l\u00e9g\u00e8res abrasions. La texture lisse du lubrifiant permet \u00e0 la coupe de glisser facilement en place, r\u00e9duisant ainsi la douleur ou l'irritation.<\/li>\n<\/ul>\n<\/div>\n<\/div>\n<\/li>\n<li class=\"advantage-item\">De plus, un bon lubrifiant pour coupe menstruelle peut \u00e9galement aider \u00e0 cr\u00e9er une meilleure \u00e9tanch\u00e9it\u00e9. Une bonne \u00e9tanch\u00e9it\u00e9 est essentielle au bon fonctionnement de la coupe menstruelle et pour \u00e9viter les fuites. Le lubrifiant remplit les petites ouvertures ou irr\u00e9gularit\u00e9s entre la coupe et la paroi vaginale, garantissant ainsi un ajustement parfait. Cela procure non seulement aux utilisatrices une tranquillit\u00e9 d'esprit, mais leur permet \u00e9galement de vaquer \u00e0 leurs occupations quotidiennes sans craindre des accidents embarrassants.<\/li>\n<li>Lors du choix d'un lubrifiant pour une coupe menstruelle, il est important de privil\u00e9gier les produits exempts de produits chimiques nocifs tels que les parab\u00e8nes, les parfums et les colorants. Les lubrifiants \u00e0 base d'eau sont souvent un choix populaire car ils sont faciles \u00e0 nettoyer et moins susceptibles de provoquer des r\u00e9actions allergiques. Les lubrifiants \u00e0 base de silicone peuvent \u00e9galement \u00eatre utilis\u00e9s, mais ils peuvent n\u00e9cessiter un peu plus d'efforts pour \u00eatre nettoy\u00e9s en profondeur.<\/li>\n<li><i><\/i>Pour une utilisation avec une coupe menstruelle, une petite quantit\u00e9 de lubrifiant est g\u00e9n\u00e9ralement suffisante. Vous pouvez en appliquer sur le bord et une partie de l'ext\u00e9rieur de la coupe avant de l'ins\u00e9rer. Certains lubrifiants sont vendus dans des flacons \u00e0 presser ou des tubes pratiques, ce qui vous permet de doser facilement la quantit\u00e9 que vous utilisez.<\/li>\n<\/ul>","protected":false},"excerpt":{"rendered":"<p>Lubrifiant pour coupe menstruelle<br \/>\nLe lubrifiant pour coupe menstruelle est un outil essentiel pour les femmes qui utilisent une coupe menstruelle.<\/p>","protected":false},"featured_media":6082,"comment_status":"open","ping_status":"closed","template":"","meta":[],"product_brand":[937],"product_cat":[15,942],"product_tag":[965],"class_list":{"0":"post-6081","1":"product","2":"type-product","3":"status-publish","4":"has-post-thumbnail","6":"product_brand-zentissa","7":"product_cat-zentissa","8":"product_cat-menstruatiecup","9":"product_tag-glijmiddel-glijmiddel-voor-menstruatiecups","11":"first","12":"instock","13":"taxable","14":"shipping-taxable","15":"product-type-simple"},"_links":{"self":[{"href":"https:\/\/merani.be\/fr\/wp-json\/wp\/v2\/product\/6081","targetHints":{"allow":["GET"]}}],"collection":[{"href":"https:\/\/merani.be\/fr\/wp-json\/wp\/v2\/product"}],"about":[{"href":"https:\/\/merani.be\/fr\/wp-json\/wp\/v2\/types\/product"}],"replies":[{"embeddable":true,"href":"https:\/\/merani.be\/fr\/wp-json\/wp\/v2\/comments?post=6081"}],"version-history":[{"count":0,"href":"https:\/\/merani.be\/fr\/wp-json\/wp\/v2\/product\/6081\/revisions"}],"wp:featuredmedia":[{"embeddable":true,"href":"https:\/\/merani.be\/fr\/wp-json\/wp\/v2\/media\/6082"}],"wp:attachment":[{"href":"https:\/\/merani.be\/fr\/wp-json\/wp\/v2\/media?parent=6081"}],"wp:term":[{"taxonomy":"product_brand","embeddable":true,"href":"https:\/\/merani.be\/fr\/wp-json\/wp\/v2\/product_brand?post=6081"},{"taxonomy":"product_cat","embeddable":true,"href":"https:\/\/merani.be\/fr\/wp-json\/wp\/v2\/product_cat?post=6081"},{"taxonomy":"product_tag","embeddable":true,"href":"https:\/\/merani.be\/fr\/wp-json\/wp\/v2\/product_tag?post=6081"}],"curies":[{"name":"wp","href":"https:\/\/api.w.org\/{rel}","templated":true}]}}