{"id":4995,"date":"2026-03-16T22:32:41","date_gmt":"2026-03-16T21:32:41","guid":{"rendered":"https:\/\/merani.be\/?post_type=product&#038;p=4995"},"modified":"2026-04-30T08:03:19","modified_gmt":"2026-04-30T06:03:19","slug":"boite-a-bijoux-kupang-en-nacre","status":"publish","type":"product","link":"https:\/\/merani.be\/fr\/product\/kupang-sieradendoos-juwelenbox-uit-parelmoer\/","title":{"rendered":"Kupang Sieradendoos | Bo\u00eete \u00e0 bijoux en nacre"},"content":{"rendered":"<p>Caract\u00e9ristiques :<br \/>\n- Aspect luxueux : la combinaison de la brillance naturelle et de la mosa\u00efque de perles fait de cette bo\u00eete un v\u00e9ritable accroche-regard.<br \/>\n- Fabriqu\u00e9 \u00e0 la main : Chaque pi\u00e8ce est fabriqu\u00e9e avec soin et de mani\u00e8re artisanale, de sorte que les petites variations ajoutent \u00e0 son charme.<br \/>\n- Mat\u00e9riau naturel : Fabriqu\u00e9 en v\u00e9ritable coquillage, extrait de mani\u00e8re durable et respectueuse de l'environnement.<br \/>\n- Multifonctionnel : convient pour les bijoux, les cl\u00e9s, les pi\u00e8ces de monnaie, les photos souvenirs ou simplement comme \u00e9l\u00e9ment d\u00e9coratif.<\/p>\n<p>Applications :<br \/>\n- Rangement des bijoux : Parfait pour ranger bagues, colliers et boucles d'oreilles.<br \/>\n- D\u00e9coration : Magnifique sur un buffet, une table de chevet ou dans une vitrine comme accent naturel.<br \/>\n- Cadeau : Cadeau original et \u00e9l\u00e9gant pour les amateurs d'accessoires naturels pour la maison et de design tropical.<\/p>\n<div class=\"mb-2\">\n<p class=\"f_t_base f_t_color f_t_paragraphSansRegular\">Fabriqu\u00e9 en Indon\u00e9sie<\/p>\n<\/div>\n<div class=\"mb-2\">\n<p class=\"f_t_base f_t_color f_t_paragraphSansRegular\">Poids : 140 g (4.94 oz)<\/p>\n<\/div>\n<div class=\"mb-2\">\n<p class=\"f_t_base f_t_color f_t_paragraphSansRegular\">Dimensions : 20 x 13 x 5 cm (7.9 x 5.1 x 2 in)<\/p>\n<\/div>\n<div class=\"mt-2 mb-2\">\n<p class=\"f_t_base f_t_color f_t_paragraphSansMedium\">Informations sur le respect de l'environnement<\/p>\n<\/div>\n<div class=\"mb-2\">\n<p class=\"f_t_base f_t_color f_t_paragraphSansRegular\">Mat\u00e9riaux du produit : Organique<\/p>\n<\/div>\n<div class=\"mb-2\">\n<p class=\"f_t_base f_t_color f_t_paragraphSansRegular\">Production : \u00e9thique, commerce \u00e9quitable et transport \u00e0 faible impact<\/p>\n<\/div>\n<h5><\/h5>","protected":false},"excerpt":{"rendered":"<p>Kupang Sieradendoos | Bo\u00eete \u00e0 bijoux en nacre | 23 x 12 cm<\/p>\n<p>Cette bo\u00eete est un bel \u00e9l\u00e9ment d\u00e9coratif dans lequel les bijoux, les cl\u00e9s ou d'autres petits objets peuvent \u00eatre rang\u00e9s avec style.<\/p>","protected":false},"featured_media":5081,"comment_status":"open","ping_status":"closed","template":"","meta":[],"product_brand":[843],"product_cat":[710,728],"product_tag":[853,988,855,852,993],"class_list":{"0":"post-4995","1":"product","2":"type-product","3":"status-publish","4":"has-post-thumbnail","6":"product_brand-product-import-holland","7":"product_cat-nieuwe","8":"product_cat-sieraden","9":"product_tag-handgemaakte-juwelendoos","10":"product_tag-juwelen-box","11":"product_tag-parelmoer","12":"product_tag-sieradenbox","13":"product_tag-sieradendoos","15":"first","16":"instock","17":"taxable","18":"shipping-taxable","19":"purchasable","20":"product-type-simple"},"_links":{"self":[{"href":"https:\/\/merani.be\/fr\/wp-json\/wp\/v2\/product\/4995","targetHints":{"allow":["GET"]}}],"collection":[{"href":"https:\/\/merani.be\/fr\/wp-json\/wp\/v2\/product"}],"about":[{"href":"https:\/\/merani.be\/fr\/wp-json\/wp\/v2\/types\/product"}],"replies":[{"embeddable":true,"href":"https:\/\/merani.be\/fr\/wp-json\/wp\/v2\/comments?post=4995"}],"version-history":[{"count":0,"href":"https:\/\/merani.be\/fr\/wp-json\/wp\/v2\/product\/4995\/revisions"}],"wp:featuredmedia":[{"embeddable":true,"href":"https:\/\/merani.be\/fr\/wp-json\/wp\/v2\/media\/5081"}],"wp:attachment":[{"href":"https:\/\/merani.be\/fr\/wp-json\/wp\/v2\/media?parent=4995"}],"wp:term":[{"taxonomy":"product_brand","embeddable":true,"href":"https:\/\/merani.be\/fr\/wp-json\/wp\/v2\/product_brand?post=4995"},{"taxonomy":"product_cat","embeddable":true,"href":"https:\/\/merani.be\/fr\/wp-json\/wp\/v2\/product_cat?post=4995"},{"taxonomy":"product_tag","embeddable":true,"href":"https:\/\/merani.be\/fr\/wp-json\/wp\/v2\/product_tag?post=4995"}],"curies":[{"name":"wp","href":"https:\/\/api.w.org\/{rel}","templated":true}]}}