{"id":4250,"date":"2026-03-02T11:14:28","date_gmt":"2026-03-02T10:14:28","guid":{"rendered":"https:\/\/merani.be\/?post_type=product&#038;p=4250"},"modified":"2026-04-08T11:28:39","modified_gmt":"2026-04-08T09:28:39","slug":"mon-collier-boheme-avec-breloques-carrees","status":"publish","type":"product","link":"https:\/\/merani.be\/fr\/product\/moja-boho-ketting-met-vierkante-bedels\/","title":{"rendered":"Collier Moja Boho avec breloques carr\u00e9es"},"content":{"rendered":"<p>Moja signifie un, et c'est exactement ce que ce collier repr\u00e9sente. Les deux pendentifs carr\u00e9s paraissent simples, mais portent un symbolisme puissant. Ils repr\u00e9sentent l'\u00e9quilibre et la direction, le moment o\u00f9 vous arr\u00eatez de vous n\u00e9gliger et commencez \u00e0 vous choisir. Non pas par ego, mais par respect de soi.<\/p>\n<p><span style=\"color: #1f4a66;\"><strong>C'est une cha\u00eene pour quand vous d\u00e9cidez d'\u00eatre au centre de votre propre histoire !<\/strong><\/span><\/p>\n<blockquote><p>Portez-la en souvenir. Pas demain. Pas jamais. Mais maintenant \u2014 vous d'abord !<\/p><\/blockquote>\n<p>L'artisanat est l'\u00e9l\u00e9ment le plus important de nos collections. Chaque bijou na\u00eet de la cr\u00e9ativit\u00e9, de l'exp\u00e9rimentation et de la technique. Nous nous soucions de ce qui nous entoure : nous nous engageons \u00e0 r\u00e9utiliser l'aluminium et \u00e0 porter une attention aux mat\u00e9riaux choisis, dans le respect mutuel et de la nature.<\/p>\n<p>Chaque pi\u00e8ce est fabriqu\u00e9e individuellement \u00e0 la main, ce qui la rend unique en son genre. Hypoallerg\u00e9nique, test\u00e9 au nickel et inoxydable.<\/p>\n<p>Dimensions : 62 x 9,9 x 15 cm<\/p>\n<p>Lisez \u00e9galement notre blog : \u201d Comment entretenir les bijoux en aluminium \u201d<\/p>\n<p><strong>Les bijoux en aluminium ne perdent pas leur couleur et ne colorent pas la peau en vert. Comme le mat\u00e9riau ne rouille pas, ils constituent un choix durable !<\/strong><\/p>","protected":false},"excerpt":{"rendered":"<p>Collier Moja Boho avec breloques carr\u00e9es<\/p>\n<p>Moja est une cha\u00eene, deux carr\u00e9s et huit coins \u2014 un symbole de puissance infinie. Pour la femme qui ne suit pas, mais m\u00e8ne et attire sans effort tous les regards.<br \/>\n<span style=\"color: #1f4a66;\"><strong>C'est toi qui choisis ! Tu rayonnes ! Tu es le centre !<\/strong><\/span><br \/>\nSuper en combinaison avec diff\u00e9rents styles. La cha\u00eene est confortable \u00e0 porter et n'est pas lourde. Chaque pi\u00e8ce est fabriqu\u00e9e individuellement \u00e0 la main, ce qui la rend unique en son genre et unique en son esp\u00e8ce.<\/p>\n<ul>\n<li><strong>Collier artisanal remarquable<\/strong><\/li>\n<li><strong>Mat\u00e9riaux dans le respect de l'homme et de la nature<\/strong><\/li>\n<li><strong>\u00c7a rend magnifiquement avec des tops d\u00e9collet\u00e9s<\/strong><\/li>\n<li><strong>Hypoallerg\u00e9nique, sans nickel et inoxydable<\/strong><\/li>\n<\/ul>","protected":false},"featured_media":4509,"comment_status":"open","ping_status":"closed","template":"","meta":[],"product_brand":[816],"product_cat":[728],"product_tag":[823],"class_list":{"0":"post-4250","1":"product","2":"type-product","3":"status-publish","4":"has-post-thumbnail","6":"product_brand-baby-joys","7":"product_cat-sieraden","8":"product_tag-verstelbare-hanger","10":"first","11":"instock","12":"taxable","13":"shipping-taxable","14":"purchasable","15":"product-type-simple"},"_links":{"self":[{"href":"https:\/\/merani.be\/fr\/wp-json\/wp\/v2\/product\/4250","targetHints":{"allow":["GET"]}}],"collection":[{"href":"https:\/\/merani.be\/fr\/wp-json\/wp\/v2\/product"}],"about":[{"href":"https:\/\/merani.be\/fr\/wp-json\/wp\/v2\/types\/product"}],"replies":[{"embeddable":true,"href":"https:\/\/merani.be\/fr\/wp-json\/wp\/v2\/comments?post=4250"}],"version-history":[{"count":0,"href":"https:\/\/merani.be\/fr\/wp-json\/wp\/v2\/product\/4250\/revisions"}],"wp:featuredmedia":[{"embeddable":true,"href":"https:\/\/merani.be\/fr\/wp-json\/wp\/v2\/media\/4509"}],"wp:attachment":[{"href":"https:\/\/merani.be\/fr\/wp-json\/wp\/v2\/media?parent=4250"}],"wp:term":[{"taxonomy":"product_brand","embeddable":true,"href":"https:\/\/merani.be\/fr\/wp-json\/wp\/v2\/product_brand?post=4250"},{"taxonomy":"product_cat","embeddable":true,"href":"https:\/\/merani.be\/fr\/wp-json\/wp\/v2\/product_cat?post=4250"},{"taxonomy":"product_tag","embeddable":true,"href":"https:\/\/merani.be\/fr\/wp-json\/wp\/v2\/product_tag?post=4250"}],"curies":[{"name":"wp","href":"https:\/\/api.w.org\/{rel}","templated":true}]}}