{"id":3514,"date":"2026-02-12T10:31:11","date_gmt":"2026-02-12T09:31:11","guid":{"rendered":"https:\/\/merani.be\/?post_type=product&#038;p=3514"},"modified":"2026-04-13T09:41:22","modified_gmt":"2026-04-13T07:41:22","slug":"choker-exotique-shani-avec-breloque-audacieuse","status":"publish","type":"product","link":"https:\/\/merani.be\/fr\/product\/exotische-choker-shani-met-opvallende-bedel\/","title":{"rendered":"Collier Choker exotique Shani avec breloque distinctive"},"content":{"rendered":"<p class=\"ds-markdown-paragraph\">Laissez-vous envo\u00fbter par la magie de l'Afrique avec le collier shaker Shani. La combinaison du dor\u00e9 et du noir jais est irr\u00e9sistible. <span style=\"color: #1f4a66;\"><strong>Parfait pour les soir\u00e9es o\u00f9 vous voulez impressionner sans dire un mot.<\/strong><\/span> Le collier Shani murmure des histoires d'horizons lointains et de secrets inexplor\u00e9s, tout en ornant votre cou d'une \u00e9l\u00e9gance naturelle et brute.<\/p>\n<p class=\"ds-markdown-paragraph\">Notre <strong>Eco-Chic<\/strong> promesse prend profondeur et signification. Le collier est soigneusement fabriqu\u00e9 en laiton de haute qualit\u00e9 et enrichi de <strong>Corne et os de vache Ankole, provenant de sources \u00e9thiques en Ouganda<\/strong>. Chaque pi\u00e8ce porte la texture et la teinte uniques de ce mat\u00e9riau naturel, garantissant qu'il n'y a pas deux colliers identiques. De plus, votre choix g\u00e9n\u00e8re des revenus directs et \u00e9quitables pour les communaut\u00e9s d'Afrique de l'Est qui collectent ces mat\u00e9riaux dans le respect des animaux et de la nature. Un bijou \u00e0 ch\u00e9rir et \u00e0 transmettre, tel une relique familiale pleine d'histoires et de signification.<\/p>\n<p class=\"ds-markdown-paragraph\">Chacun d'entre eux est un chef-d'\u0153uvre de <strong>passion artisanale<\/strong>. Le tour de cou Shani est forg\u00e9 \u00e0 la main avec pr\u00e9cision, patience et amour de l'artisanat \u00e0 Nairobi, au Kenya. En choisissant ce bijou, vous soutenez directement les comp\u00e9tences exceptionnelles de nos artisans locaux et contribuez \u00e0 une juste r\u00e9compense pour leur art unique. Ne vous contentez pas de porter de l'\u00e9l\u00e9gance, portez un morceau d'\u00e2me africaine, d'\u00e9thique et de beaut\u00e9 intemporelle.<\/p>","protected":false},"excerpt":{"rendered":"<p>Collier Choker exotique Shani avec breloque distinctive<\/p>\n<p><span style=\"color: #1f4a66;\"><strong>Quand tu pensais avoir tout vu...<\/strong><\/span><\/p>\n<p>Choker Shani, c'est la f\u00e9minit\u00e9 par excellence. Pure. Puissante. \u00c9l\u00e9gante. Pour les femmes qui choisissent le caract\u00e8re, pas la masse !<\/p>\n<ul>\n<li><strong>Fait \u00e0 la main et unique<\/strong><\/li>\n<li><strong>Grande breloque en corne d'Afrique<\/strong><\/li>\n<li><strong>C'est la touche finale pour chaque look<\/strong><\/li>\n<\/ul>\n<p>&nbsp;<\/p>","protected":false},"featured_media":5344,"comment_status":"open","ping_status":"closed","template":"","meta":[],"product_brand":[877],"product_cat":[728,709],"product_tag":[894,893,895,890],"class_list":{"0":"post-3514","1":"product","2":"type-product","3":"status-publish","4":"has-post-thumbnail","6":"product_brand-lamu","7":"product_cat-sieraden","8":"product_cat-cadeautips","9":"product_tag-afrikaanse-vibe","10":"product_tag-exotische-hanger","11":"product_tag-messing-halssnoer","12":"product_tag-statement-ketting","14":"first","15":"outofstock","16":"taxable","17":"shipping-taxable","18":"purchasable","19":"product-type-simple"},"_links":{"self":[{"href":"https:\/\/merani.be\/fr\/wp-json\/wp\/v2\/product\/3514","targetHints":{"allow":["GET"]}}],"collection":[{"href":"https:\/\/merani.be\/fr\/wp-json\/wp\/v2\/product"}],"about":[{"href":"https:\/\/merani.be\/fr\/wp-json\/wp\/v2\/types\/product"}],"replies":[{"embeddable":true,"href":"https:\/\/merani.be\/fr\/wp-json\/wp\/v2\/comments?post=3514"}],"version-history":[{"count":0,"href":"https:\/\/merani.be\/fr\/wp-json\/wp\/v2\/product\/3514\/revisions"}],"wp:featuredmedia":[{"embeddable":true,"href":"https:\/\/merani.be\/fr\/wp-json\/wp\/v2\/media\/5344"}],"wp:attachment":[{"href":"https:\/\/merani.be\/fr\/wp-json\/wp\/v2\/media?parent=3514"}],"wp:term":[{"taxonomy":"product_brand","embeddable":true,"href":"https:\/\/merani.be\/fr\/wp-json\/wp\/v2\/product_brand?post=3514"},{"taxonomy":"product_cat","embeddable":true,"href":"https:\/\/merani.be\/fr\/wp-json\/wp\/v2\/product_cat?post=3514"},{"taxonomy":"product_tag","embeddable":true,"href":"https:\/\/merani.be\/fr\/wp-json\/wp\/v2\/product_tag?post=3514"}],"curies":[{"name":"wp","href":"https:\/\/api.w.org\/{rel}","templated":true}]}}