{"id":6147,"date":"2026-04-28T19:29:46","date_gmt":"2026-04-28T17:29:46","guid":{"rendered":"https:\/\/merani.be\/?post_type=product&#038;p=6147"},"modified":"2026-04-28T19:39:50","modified_gmt":"2026-04-28T17:39:50","slug":"hangelampe-capiz-medium-ibiza-stil-muschelhanger-65x35-cm","status":"publish","type":"product","link":"https:\/\/merani.be\/de\/product\/hanglamp-capiz-medium-ibiza-style-schelpenhanger-65x35-cm\/","title":{"rendered":"H\u00e4ngelampe Capiz Medium | Ibiza-Stil Muschel-Anh\u00e4nger 65\u00d735 cm"},"content":{"rendered":"<p>Deze schelpenhanger is gemaakt van dunne, ronde capiz-schelpen, die bekend staan om hun natuurlijke, parelmoerachtige glans en verfijnde uitstraling.<\/p>\n<p>De schelpen zijn zorgvuldig verwerkt tot een sierlijk ontwerp, waarbij het licht op subtiele wijze wordt gefilterd om een warme en sfeervolle gloed te verspreiden. Het bovenste deel, afgewerkt in gevlochten (touw\/macram\u00e9), draagt lagen van doorschijnende schelpen die zachtjes mee bewegen op het ritme van de wind.<\/p>\n<ul>\n<li>Gemaakt van Capiz schelpen (lichtdoorlatend, bijne parelachtig)<\/li>\n<li>Hangend decoratiestuk voor tuin, terras of interieur<\/li>\n<li>Werkt ook als windgong &#8211; geeft een zacht tikkend geluid.<\/li>\n<li>Heeft een tropische &#8211; coastal stijl blendt perfect met elke interieurstijl<\/li>\n<li>Duurzaam<\/li>\n<li>Met zorg gemaakt door vakmensen<\/li>\n<li>sfeervolle gloed<\/li>\n<\/ul>\n<p>Kenmerken en voordelen:<br \/>\n\u2022 Uniek handgemaakt design: Elke lamp is met zorg vervaardigd, wat zorgt voor een exclusieve uitstraling.<br \/>\n\u2022 Hoogwaardige materialen: Gemaakt van capiz-schelpen, bekend om hun duurzame kwaliteit en schitterende parelmoer afwerking.<br \/>\n\u2022 Licht en elegant: Met een gewicht van slechts 460 gram is de lamp eenvoudig te monteren.<\/p>\n<h4 class=\"heading-4 mb-2\">Product specificaties<\/h4>\n<table class=\"simple-table w-full\">\n<tbody>\n<tr class=\"even:bg-neutral-50\">\n<td class=\"py-2 pr-4 font-medium whitespace-nowrap\">Farbe<\/td>\n<td class=\"py-2\">Wit<\/td>\n<\/tr>\n<tr class=\"even:bg-neutral-50\">\n<td class=\"py-2 pr-4 font-medium whitespace-nowrap\">Material<\/td>\n<td class=\"py-2\">Schelp<\/td>\n<\/tr>\n<tr class=\"even:bg-neutral-50\">\n<td class=\"py-2 pr-4 font-medium whitespace-nowrap\">Vorm<\/td>\n<td class=\"py-2\">Ovaal<\/td>\n<\/tr>\n<tr class=\"even:bg-neutral-50\">\n<td class=\"py-2 pr-4 font-medium whitespace-nowrap\">Gemaakt in<\/td>\n<td class=\"py-2\">Indonesia<\/td>\n<\/tr>\n<tr class=\"even:bg-neutral-50\">\n<td class=\"py-2 pr-4 font-medium whitespace-nowrap\">height<\/td>\n<td class=\"py-2\">65cm<\/td>\n<\/tr>\n<tr class=\"even:bg-neutral-50\">\n<td class=\"py-2 pr-4 font-medium whitespace-nowrap\">width<\/td>\n<td class=\"py-2\">35cm<\/td>\n<\/tr>\n<tr class=\"even:bg-neutral-50\">\n<td class=\"py-2 pr-4 font-medium whitespace-nowrap\">length<\/td>\n<td class=\"py-2\">35cm<\/td>\n<\/tr>\n<tr class=\"even:bg-neutral-50\">\n<td class=\"py-2 pr-4 font-medium whitespace-nowrap\">weight<\/td>\n<td class=\"py-2\">460gr<\/td>\n<\/tr>\n<tr class=\"even:bg-neutral-50\">\n<td class=\"py-2 pr-4 font-medium whitespace-nowrap\">Barcode\/EAN<\/td>\n<td class=\"py-2\">6152303591571<\/td>\n<\/tr>\n<tr class=\"even:bg-neutral-50\">\n<td class=\"py-2 pr-4 font-medium whitespace-nowrap\">SKU<\/td>\n<td class=\"py-2\">2023<\/td>\n<\/tr>\n<\/tbody>\n<\/table>\n<p>&nbsp;<\/p>\n<p>&nbsp;<\/p>","protected":false},"excerpt":{"rendered":"<p>H\u00e4ngelampe Capiz Medium | Ibiza-Stil Muschel-Anh\u00e4nger 65\u00d735 cm<\/p>\n<p>Prachtige Windgong-Schelpenhanger-Schelpendecoratie handgemaakt van dunne, ronde Capiz schelpen.<\/p>\n<p>De schelpen zijn in verschillende slierten verdeeld en maken een gezellig zomers geluid bij het zachtjes aantikken van de wind. Hun geluid brengt rust in elke ruimte<\/p>\n<p>Het zachte geluid helpt positieve energie te behouden en trekt zo voorspoed aan.<\/p>\n<p>&nbsp;<\/p>","protected":false},"featured_media":6149,"comment_status":"open","ping_status":"closed","template":"","meta":[],"product_brand":[843],"product_cat":[716],"product_tag":[984,982,844,981],"class_list":{"0":"post-6147","1":"product","2":"type-product","3":"status-publish","4":"has-post-thumbnail","6":"product_brand-product-import-holland","7":"product_cat-decoratie","8":"product_tag-bohostyle","9":"product_tag-buitendecoratie","10":"product_tag-windgong","11":"product_tag-windhanger","13":"first","14":"instock","15":"taxable","16":"shipping-taxable","17":"purchasable","18":"product-type-simple"},"_links":{"self":[{"href":"https:\/\/merani.be\/de\/wp-json\/wp\/v2\/product\/6147","targetHints":{"allow":["GET"]}}],"collection":[{"href":"https:\/\/merani.be\/de\/wp-json\/wp\/v2\/product"}],"about":[{"href":"https:\/\/merani.be\/de\/wp-json\/wp\/v2\/types\/product"}],"replies":[{"embeddable":true,"href":"https:\/\/merani.be\/de\/wp-json\/wp\/v2\/comments?post=6147"}],"version-history":[{"count":0,"href":"https:\/\/merani.be\/de\/wp-json\/wp\/v2\/product\/6147\/revisions"}],"wp:featuredmedia":[{"embeddable":true,"href":"https:\/\/merani.be\/de\/wp-json\/wp\/v2\/media\/6149"}],"wp:attachment":[{"href":"https:\/\/merani.be\/de\/wp-json\/wp\/v2\/media?parent=6147"}],"wp:term":[{"taxonomy":"product_brand","embeddable":true,"href":"https:\/\/merani.be\/de\/wp-json\/wp\/v2\/product_brand?post=6147"},{"taxonomy":"product_cat","embeddable":true,"href":"https:\/\/merani.be\/de\/wp-json\/wp\/v2\/product_cat?post=6147"},{"taxonomy":"product_tag","embeddable":true,"href":"https:\/\/merani.be\/de\/wp-json\/wp\/v2\/product_tag?post=6147"}],"curies":[{"name":"wp","href":"https:\/\/api.w.org\/{rel}","templated":true}]}}