{"id":4715,"date":"2026-03-10T11:19:44","date_gmt":"2026-03-10T10:19:44","guid":{"rendered":"https:\/\/merani.be\/?post_type=product&#038;p=4715"},"modified":"2026-03-22T11:23:35","modified_gmt":"2026-03-22T10:23:35","slug":"handgemachte-kerze-aus-rapswachs-ente","status":"publish","type":"product","link":"https:\/\/merani.be\/de\/product\/handgemaakte-kaars-van-koolzaadwas-eendje\/","title":{"rendered":"Handgemachte Entenkerze aus Rapswachs"},"content":{"rendered":"<p>Inspiriert von der verspielten Jahrmarkts-Ente, die wir alle von der Kirmes kennen, zaubert diese Kerze sofort ein L\u00e4cheln auf ierders Gesicht. Die weichen Formen und das s\u00fc\u00dfe Aussehen machen dieses Entchen nicht nur zu einer Kerze, sondern auch zu einem Dekorationsartikel mit einem Hauch von Nostalgie.<\/p>\n<p>Die Kerzen werden mit 100 % reinem Rapswachs gegossen, das aus dem \u00d6l der Rapsbl\u00fcten gewonnen wird. Diese Blumen werden nach der Getreideernte gepflanzt und verleihen den Feldern vor allem in den Monaten April und Mai eine sch\u00f6ne gelbe Farbe. Es handelt sich um ein biologisch abbaubares und veganes Produkt (auf pflanzlicher Basis). Au\u00dferdem brennt es l\u00e4nger und besser als Paraffin.<br \/>\nRapswachs erzeugt weniger Rauch und ist daher ungiftig und umweltfreundlich.<\/p>\n<p>Erfahren Sie mehr \u00fcber Rapswachs, in diesem interessanten Blog:<\/p>\n<p><a href=\"https:\/\/houtje-touwtje.com\/blog\/wat-is-koolzaadwas\" target=\"_blank\" rel=\"noopener\">https:\/\/houtje-touwtje.com\/blog\/wat-is-koolzaadwas<\/a><\/p>\n<h5><strong>Sicherheitsvorschriften<\/strong><\/h5>\n<p><img fetchpriority=\"high\" decoding=\"async\" class=\"alignnone size-full wp-image-5089\" src=\"https:\/\/merani.be\/wp-content\/uploads\/2026\/03\/IMG_7486-e1774118328494.jpeg\" alt=\"Sicherheitsvorschriften f\u00fcr die Verwendung von Kerzen\" width=\"500\" height=\"351\" \/><\/p>\n<p>Farbe : Braun<br \/>\nAbmessungen: 6 x 6 x 6,5 cm<\/p>","protected":false},"excerpt":{"rendered":"<p>Handgemachte Entenkerze aus Rapswachs<\/p>\n<p>Diese fr\u00f6hliche kleine Ente bringt eine verspielte und warme Atmosph\u00e4re in Ihr Zuhause.<br \/>\nDie Kerzen werden mit reinem Rapswachs 100% von Hand gegossen, einer nachhaltigen und umweltfreundlichen Alternative zu Paraffin.<\/p>\n<p>Belgisches Produkt<\/p>","protected":false},"featured_media":4718,"comment_status":"open","ping_status":"closed","template":"","meta":[],"product_brand":[838],"product_cat":[709,718],"product_tag":[825,858,859,860],"class_list":{"0":"post-4715","1":"product","2":"type-product","3":"status-publish","4":"has-post-thumbnail","6":"product_brand-sweet-deco-creative","7":"product_cat-cadeautips","8":"product_cat-belevenis","9":"product_tag-handgemaakt","10":"product_tag-koolzaadwas","11":"product_tag-natuurlijke-kaars","12":"product_tag-plantaardig","14":"first","15":"instock","16":"taxable","17":"shipping-taxable","18":"purchasable","19":"product-type-simple"},"_links":{"self":[{"href":"https:\/\/merani.be\/de\/wp-json\/wp\/v2\/product\/4715","targetHints":{"allow":["GET"]}}],"collection":[{"href":"https:\/\/merani.be\/de\/wp-json\/wp\/v2\/product"}],"about":[{"href":"https:\/\/merani.be\/de\/wp-json\/wp\/v2\/types\/product"}],"replies":[{"embeddable":true,"href":"https:\/\/merani.be\/de\/wp-json\/wp\/v2\/comments?post=4715"}],"version-history":[{"count":0,"href":"https:\/\/merani.be\/de\/wp-json\/wp\/v2\/product\/4715\/revisions"}],"wp:featuredmedia":[{"embeddable":true,"href":"https:\/\/merani.be\/de\/wp-json\/wp\/v2\/media\/4718"}],"wp:attachment":[{"href":"https:\/\/merani.be\/de\/wp-json\/wp\/v2\/media?parent=4715"}],"wp:term":[{"taxonomy":"product_brand","embeddable":true,"href":"https:\/\/merani.be\/de\/wp-json\/wp\/v2\/product_brand?post=4715"},{"taxonomy":"product_cat","embeddable":true,"href":"https:\/\/merani.be\/de\/wp-json\/wp\/v2\/product_cat?post=4715"},{"taxonomy":"product_tag","embeddable":true,"href":"https:\/\/merani.be\/de\/wp-json\/wp\/v2\/product_tag?post=4715"}],"curies":[{"name":"wp","href":"https:\/\/api.w.org\/{rel}","templated":true}]}}