{"id":4260,"date":"2026-03-02T11:28:19","date_gmt":"2026-03-02T10:28:19","guid":{"rendered":"https:\/\/merani.be\/?post_type=product&#038;p=4260"},"modified":"2026-04-07T23:53:17","modified_gmt":"2026-04-07T21:53:17","slug":"duara-ohrringe-im-kreislauf-des-lebens","status":"publish","type":"product","link":"https:\/\/merani.be\/de\/product\/duara-oorbellen-being-in-the-circle-of-life\/","title":{"rendered":"Duara Ohrringe \u2013 Im Kreis des Lebens sein"},"content":{"rendered":"<p>Im Kreis des Lebens dreht sich alles um dich. Nicht um Perfektion... sondern darum zu wachsen, zu fallen, wieder aufzustehen und erneut zu strahlen... Ein Kreis ohne Anfang und ohne Ende \u2013 genau wie deine Geschichte, die sich immer weiter entfaltet. <span style=\"color: #1f4a66;\"><strong>Jeder Schritt, den du machst, jeder Blick, den du einf\u00e4ngst, jeder Raum, den du betrittst... du bewegst dich, und die Welt bewegt sich mit dir.<\/strong><\/span><\/p>\n<p>Die Kringel-Ohrringe umrahmen dein Gesicht nicht einfach nur \u2013 sie verst\u00e4rken deine Anwesenheit! Sie wecken etwas in dir. Denn im Kreis des Lebens\u2026 ist dies dein Moment zu strahlen.<\/p>\n<p>Die Handwerkskunst ist das Schl\u00fcsselelement unserer Kollektionen. In jedem Schmuckst\u00fcck stecken Kreativit\u00e4t, Experimentierfreude und Technik. Wir achten auf das, was uns umgibt, setzen uns f\u00fcr das Recycling von Aluminium ein und achten auf die Auswahl der Materialien, um uns gegenseitig und die Natur zu respektieren.<\/p>\n<p>Jedes St\u00fcck wird einzeln von Hand gefertigt, was es in seiner Einzigartigkeit ausmacht. Aus diesem Grund k\u00f6nnen Schmuckst\u00fccke leichte Unterschiede zwischen dem einen und dem anderen St\u00fcck aufweisen, was nicht als Mangel angesehen werden sollte.<\/p>\n<p>Abmessungen: 7,1 x 6,6 cm<\/p>\n<p>Lesen Sie auch unseren Blog: \u201dSo pflegen Sie Aluminiumschmuck.\u201d<\/p>\n<p><strong>Aluminiumschmuck bl\u00e4ttert nicht ab und f\u00e4rbt die Haut nicht gr\u00fcn. Da das Material nicht rostet, sind sie eine langlebige Wahl!<\/strong><\/p>","protected":false},"excerpt":{"rendered":"<p>Duara Ohrringe \u2013 Im Kreis des Lebens sein<\/p>\n<blockquote><p><em><span style=\"color: #1f4a66;\"><strong>In dem Kreis des Lebens dreht sich deine Geschichte...<\/strong><\/span><\/em><\/p>\n<p><em><span style=\"color: #1f4a66;\"><strong>Wie das Rad niemals aufh\u00f6rt, sich zu drehen, tragen die Duara Ohrringe dein Wachstum, deinen Rhythmus<\/strong><\/span><\/em><\/p>\n<p><em><span style=\"color: #1f4a66;\"><strong>Im Kreislauf des Lebens\u2026 ist es dein Rad der Gef\u00fchle<\/strong><\/span><\/em><\/p><\/blockquote>\n<p>Verfeinere deinen Look mit diesen gl\u00e4nzenden Ohrringen aus ovalen Ringen. Die Kombination von Ringen sorgt f\u00fcr einen unendlich verspielten Effekt.<\/p>\n<ul>\n<li><strong>Hingucker<\/strong><\/li>\n<li><strong>Bringe jeden Look auf ein h\u00f6heres Niveau<\/strong><\/li>\n<li><strong>Licht und bequem<\/strong><\/li>\n<li><strong>Handgemachte Kreise<\/strong><\/li>\n<li><strong>Hypoallergen, Nickel gepr\u00fcft<\/strong><\/li>\n<\/ul>","protected":false},"featured_media":4489,"comment_status":"open","ping_status":"closed","template":"","meta":[],"product_brand":[816],"product_cat":[728],"product_tag":[826],"class_list":{"0":"post-4260","1":"product","2":"type-product","3":"status-publish","4":"has-post-thumbnail","6":"product_brand-baby-joys","7":"product_cat-sieraden","8":"product_tag-boho-zilveren-oorbellen","10":"first","11":"instock","12":"taxable","13":"shipping-taxable","14":"purchasable","15":"product-type-simple"},"_links":{"self":[{"href":"https:\/\/merani.be\/de\/wp-json\/wp\/v2\/product\/4260","targetHints":{"allow":["GET"]}}],"collection":[{"href":"https:\/\/merani.be\/de\/wp-json\/wp\/v2\/product"}],"about":[{"href":"https:\/\/merani.be\/de\/wp-json\/wp\/v2\/types\/product"}],"replies":[{"embeddable":true,"href":"https:\/\/merani.be\/de\/wp-json\/wp\/v2\/comments?post=4260"}],"version-history":[{"count":0,"href":"https:\/\/merani.be\/de\/wp-json\/wp\/v2\/product\/4260\/revisions"}],"wp:featuredmedia":[{"embeddable":true,"href":"https:\/\/merani.be\/de\/wp-json\/wp\/v2\/media\/4489"}],"wp:attachment":[{"href":"https:\/\/merani.be\/de\/wp-json\/wp\/v2\/media?parent=4260"}],"wp:term":[{"taxonomy":"product_brand","embeddable":true,"href":"https:\/\/merani.be\/de\/wp-json\/wp\/v2\/product_brand?post=4260"},{"taxonomy":"product_cat","embeddable":true,"href":"https:\/\/merani.be\/de\/wp-json\/wp\/v2\/product_cat?post=4260"},{"taxonomy":"product_tag","embeddable":true,"href":"https:\/\/merani.be\/de\/wp-json\/wp\/v2\/product_tag?post=4260"}],"curies":[{"name":"wp","href":"https:\/\/api.w.org\/{rel}","templated":true}]}}