{"id":4230,"date":"2026-03-02T10:47:02","date_gmt":"2026-03-02T09:47:02","guid":{"rendered":"https:\/\/merani.be\/?post_type=product&#038;p=4230"},"modified":"2026-04-07T22:19:06","modified_gmt":"2026-04-07T20:19:06","slug":"wolken-ohrringe-gehammert-tropfenformig-aufhangungen","status":"publish","type":"product","link":"https:\/\/merani.be\/de\/product\/wingu-oorbellen-gehamerde-traanvormige-hangers\/","title":{"rendered":"Wingu Ohrringe-Geh\u00e4mmert Tr\u00e4nenf\u00f6rmig Anh\u00e4nger"},"content":{"rendered":"<p><em><strong>\u201cEs gibt Momente, in denen alles zusammenf\u00e4llt. Die Luft schwer, die Erde warm und dann \u2014 Regen.\u201d\u00a0\u00a0\u00a0<\/strong><\/em>Nicht einfach nur Regen. Sondern glitzernde Tropfen, die auf Bl\u00e4tter fallen, Licht fangen, sich bewegen\u2026 Leben. Dieses Gef\u00fchl tr\u00e4gst du hier. Diese Ohrringe fangen die Essenz des afrikanischen Dschungels ein. Die sanfte organische Form erinnert an fallende Regentropfen. Die subtile Textur spielt mit dem Licht \u2013 als ob jede Bewegung einen neuen Glanz enth\u00fcllt. Es f\u00fchlt sich an, als w\u00fcrdest du ein St\u00fcck Natur mit dir tragen\u2026<\/p>\n<p>Dieses Paar ist roh, rein und raffiniert. Nicht perfekt, nicht glatt. Aber gerade deshalb <span style=\"color: #1f4a66;\"><strong>unwiderstehlich!<\/strong><\/span><\/p>\n<p>Jedes St\u00fcck wird einzeln von Hand gefertigt, dies macht es in seiner Einzigartigkeit einzigartig, aus diesem Grund k\u00f6nnen Schmuckst\u00fccke leichte Unterschiede zwischen dem einen und dem anderen St\u00fcck aufweisen.<\/p>\n<p>Abmessungen: 8 cm - Anh\u00e4nger 6 cm<\/p>\n<p>Lesen Sie auch unseren Blog \u201cWie man Aluminiumschmuck pflegt\u201d.\u201d\u00a0<a href=\"https:\/\/merani.be\/de\/recyceltes-aluminium-schmuck\/\">https:\/\/merani.be\/gerecycleerd-aluminium-juwelen\/<\/a><\/p>","protected":false},"excerpt":{"rendered":"<p>Wingu Ohrringe-Geh\u00e4mmert Tr\u00e4nenf\u00f6rmig Anh\u00e4nger<\/p>\n<p>Manchmal hast du keine Zeit. Kein Bed\u00fcrfnis nachdenken. Kein Bed\u00fcrfnis an Aufwand. Und dennoch willst du dein Outfit gerade das bisschen mehr geben?<br \/>\n<span style=\"color: #1f4a66;\"><strong>Diese auffallenden handgefertigten Ohrringe lassen dich strahlen!<\/strong><\/span><br \/>\nHandwerkskunst ist das Hauptelement unserer Kollektionen.<\/p>\n<ul>\n<li><strong>Einzigartig<\/strong><\/li>\n<li><strong>Wundersch\u00f6ner Glanz<\/strong><\/li>\n<li><strong>Akzentuiert Ihre nat\u00fcrliche Eleganz<\/strong><\/li>\n<li><strong>Verbessert jeden Look sofort<\/strong><\/li>\n<\/ul>","protected":false},"featured_media":4503,"comment_status":"open","ping_status":"closed","template":"","meta":[],"product_brand":[816],"product_cat":[728,710],"product_tag":[898,897,899,900],"class_list":{"0":"post-4230","1":"product","2":"type-product","3":"status-publish","4":"has-post-thumbnail","6":"product_brand-baby-joys","7":"product_cat-sieraden","8":"product_cat-nieuwe","9":"product_tag-oorbellen-handgemaakt","10":"product_tag-oorbellen-hangers-lang","11":"product_tag-oorbellen-hangers-zilver","12":"product_tag-opvallende-oorbellen","14":"first","15":"instock","16":"taxable","17":"shipping-taxable","18":"purchasable","19":"product-type-simple"},"_links":{"self":[{"href":"https:\/\/merani.be\/de\/wp-json\/wp\/v2\/product\/4230","targetHints":{"allow":["GET"]}}],"collection":[{"href":"https:\/\/merani.be\/de\/wp-json\/wp\/v2\/product"}],"about":[{"href":"https:\/\/merani.be\/de\/wp-json\/wp\/v2\/types\/product"}],"replies":[{"embeddable":true,"href":"https:\/\/merani.be\/de\/wp-json\/wp\/v2\/comments?post=4230"}],"version-history":[{"count":0,"href":"https:\/\/merani.be\/de\/wp-json\/wp\/v2\/product\/4230\/revisions"}],"wp:featuredmedia":[{"embeddable":true,"href":"https:\/\/merani.be\/de\/wp-json\/wp\/v2\/media\/4503"}],"wp:attachment":[{"href":"https:\/\/merani.be\/de\/wp-json\/wp\/v2\/media?parent=4230"}],"wp:term":[{"taxonomy":"product_brand","embeddable":true,"href":"https:\/\/merani.be\/de\/wp-json\/wp\/v2\/product_brand?post=4230"},{"taxonomy":"product_cat","embeddable":true,"href":"https:\/\/merani.be\/de\/wp-json\/wp\/v2\/product_cat?post=4230"},{"taxonomy":"product_tag","embeddable":true,"href":"https:\/\/merani.be\/de\/wp-json\/wp\/v2\/product_tag?post=4230"}],"curies":[{"name":"wp","href":"https:\/\/api.w.org\/{rel}","templated":true}]}}