{"id":3988,"date":"2026-02-20T12:39:21","date_gmt":"2026-02-20T11:39:21","guid":{"rendered":"https:\/\/merani.be\/?post_type=product&#038;p=3988"},"modified":"2026-03-12T10:20:47","modified_gmt":"2026-03-12T09:20:47","slug":"natury-pack-de-minis-fur-die-reise-mit-kulturbeutel","status":"publish","type":"product","link":"https:\/\/merani.be\/de\/product\/natury-pack-de-minis-voor-reizen-met-toiletzak\/","title":{"rendered":"Natury Pack die Minis f\u00fcr die Reise mit Kulturtasche"},"content":{"rendered":"<p>Von der TSA (Transportation Security Administration) f\u00fcr alle Fluggesellschaften zugelassene Kulturtasche und Minis 100ml Packs.<\/p>\n<p><strong><br \/>\nPackungsinhalt: <\/strong><\/p>\n<p>Lavendel Shampoo 100 ml<br \/>\nSp\u00fclung mit hydrolysierten Proteinen 100 ml<br \/>\nOliven\u00f6l-Badegel 100 ml<br \/>\nK\u00f6rperlotion mit Mandel\u00f6l und Sheabutter 100 ml<br \/>\nThymian Intim-Gel 100ml<br \/>\nNATURY transparente Kulturtasche<\/p>\n<p>BETRIEBSANLEITUNG:<\/p>\n<p>Lavendel-Shampoo: Auf das nasse Haar auftragen, Kopfhaut massieren und mit Wasser aussp\u00fclen.<\/p>\n<p>Hydrolysierte Proteinsp\u00fclung: Eine kleine Menge in die H\u00e4nde geben, das Haar einmassieren, dabei auf die Spitzen konzentrieren und mit warmem Wasser aussp\u00fclen.<\/p>\n<p>Oliven\u00f6l-Duschgel: Auf die nasse Haut oder einen Schwamm auftragen, mit einer kr\u00e4ftigen Massage auf dem K\u00f6rper verteilen und mit Wasser absp\u00fclen.<\/p>\n<p>Body Milk Mandel- und Sheabutter: Sch\u00fctteln, ein wenig Lotion in die Handfl\u00e4che geben und einmassieren, bis sie eingezogen ist.<\/p>\n<p>Intimgel Thymian: Auf die feuchte Haut oder einen Schwamm auftragen, den Intimbereich sanft einreiben und mit Wasser absp\u00fclen.<\/p>","protected":false},"excerpt":{"rendered":"<p>Natury Pack die Minis f\u00fcr die Reise mit Kulturbeutel.<br \/>\nDie Minis enthalten alle notwendigen Produkte f\u00fcr jede Reise in einem Paket. Jetzt k\u00f6nnen Sie \u00fcberall auf der Welt eine ausgiebige Dusche mit Produkten genie\u00dfen, die Ihre Haut und Ihr Haar pflegen.<br \/>\nInklusive Kosmetiktasche!<\/p>","protected":false},"featured_media":4587,"comment_status":"open","ping_status":"closed","template":"","meta":[],"product_brand":[811],"product_cat":[718],"product_tag":[],"class_list":{"0":"post-3988","1":"product","2":"type-product","3":"status-publish","4":"has-post-thumbnail","6":"product_brand-natury-greencare","7":"product_cat-belevenis","9":"first","10":"instock","11":"taxable","12":"shipping-taxable","13":"purchasable","14":"product-type-simple"},"_links":{"self":[{"href":"https:\/\/merani.be\/de\/wp-json\/wp\/v2\/product\/3988","targetHints":{"allow":["GET"]}}],"collection":[{"href":"https:\/\/merani.be\/de\/wp-json\/wp\/v2\/product"}],"about":[{"href":"https:\/\/merani.be\/de\/wp-json\/wp\/v2\/types\/product"}],"replies":[{"embeddable":true,"href":"https:\/\/merani.be\/de\/wp-json\/wp\/v2\/comments?post=3988"}],"version-history":[{"count":0,"href":"https:\/\/merani.be\/de\/wp-json\/wp\/v2\/product\/3988\/revisions"}],"wp:featuredmedia":[{"embeddable":true,"href":"https:\/\/merani.be\/de\/wp-json\/wp\/v2\/media\/4587"}],"wp:attachment":[{"href":"https:\/\/merani.be\/de\/wp-json\/wp\/v2\/media?parent=3988"}],"wp:term":[{"taxonomy":"product_brand","embeddable":true,"href":"https:\/\/merani.be\/de\/wp-json\/wp\/v2\/product_brand?post=3988"},{"taxonomy":"product_cat","embeddable":true,"href":"https:\/\/merani.be\/de\/wp-json\/wp\/v2\/product_cat?post=3988"},{"taxonomy":"product_tag","embeddable":true,"href":"https:\/\/merani.be\/de\/wp-json\/wp\/v2\/product_tag?post=3988"}],"curies":[{"name":"wp","href":"https:\/\/api.w.org\/{rel}","templated":true}]}}