{"id":3712,"date":"2026-02-16T12:41:48","date_gmt":"2026-02-16T11:41:48","guid":{"rendered":"https:\/\/merani.be\/?post_type=product&#038;p=3712"},"modified":"2026-03-16T00:11:11","modified_gmt":"2026-03-15T23:11:11","slug":"fairer-handel-glanzender-blauer-tischlaufer","status":"publish","type":"product","link":"https:\/\/merani.be\/de\/product\/fairtrade-glanzende-blauwe-tafelloper\/","title":{"rendered":"Fairtrade Tischl\u00e4ufer Blau Gl\u00e4nzend"},"content":{"rendered":"<p>Bringen Sie W\u00e4rme, Charakter und einen Hauch von weltlicher Eleganz in Ihr Interieur mit diesem fair gehandelten, leuchtend blauen Tischl\u00e4ufer mit goldenen Elefantenmotiven. Wenn Sie diesen Tischl\u00e4ufer ausrollen, k\u00f6nnen Sie Ihre Augen nicht mehr von ihm lassen. Der Glanz der Banarasi-Seide ist atemberaubend. Banarasi-Seide stammt aus Indien. Die Tradition dieser handgewebten Seide reicht mehrere Jahrhunderte zur\u00fcck und zeichnet sich durch die Beimischung von Gold- und Silberf\u00e4den zu diesem Brokatstoff aus. Er bildet die Grundlage f\u00fcr reich verzierte Kleider und Textilien, die f\u00fcr besondere Anl\u00e4sse und Feierlichkeiten entworfen werden.<\/p>\n<p>Der Hintergrund ist blau, aber die Motive leuchten in einer goldenen Farbe. Die R\u00fcckseite ist einfarbig blau.<\/p>\n<p>Die Abmessungen betragen etwa 40 cm x 150 cm.<\/p>","protected":false},"excerpt":{"rendered":"<p>Dieser blau gl\u00e4nzende Tischl\u00e4ufer aus fairem Handel kann auch als Wandteppich verwendet werden und hat dank der Elefantenmotive einen ethnischen Look.<\/p>","protected":false},"featured_media":4637,"comment_status":"open","ping_status":"closed","template":"","meta":[],"product_brand":[772],"product_cat":[716,710],"product_tag":[798],"class_list":{"0":"post-3712","1":"product","2":"type-product","3":"status-publish","4":"has-post-thumbnail","6":"product_brand-kimago","7":"product_cat-decoratie","8":"product_cat-nieuwe","9":"product_tag-tafelloper","11":"first","12":"instock","13":"taxable","14":"shipping-taxable","15":"purchasable","16":"product-type-simple"},"_links":{"self":[{"href":"https:\/\/merani.be\/de\/wp-json\/wp\/v2\/product\/3712","targetHints":{"allow":["GET"]}}],"collection":[{"href":"https:\/\/merani.be\/de\/wp-json\/wp\/v2\/product"}],"about":[{"href":"https:\/\/merani.be\/de\/wp-json\/wp\/v2\/types\/product"}],"replies":[{"embeddable":true,"href":"https:\/\/merani.be\/de\/wp-json\/wp\/v2\/comments?post=3712"}],"version-history":[{"count":0,"href":"https:\/\/merani.be\/de\/wp-json\/wp\/v2\/product\/3712\/revisions"}],"wp:featuredmedia":[{"embeddable":true,"href":"https:\/\/merani.be\/de\/wp-json\/wp\/v2\/media\/4637"}],"wp:attachment":[{"href":"https:\/\/merani.be\/de\/wp-json\/wp\/v2\/media?parent=3712"}],"wp:term":[{"taxonomy":"product_brand","embeddable":true,"href":"https:\/\/merani.be\/de\/wp-json\/wp\/v2\/product_brand?post=3712"},{"taxonomy":"product_cat","embeddable":true,"href":"https:\/\/merani.be\/de\/wp-json\/wp\/v2\/product_cat?post=3712"},{"taxonomy":"product_tag","embeddable":true,"href":"https:\/\/merani.be\/de\/wp-json\/wp\/v2\/product_tag?post=3712"}],"curies":[{"name":"wp","href":"https:\/\/api.w.org\/{rel}","templated":true}]}}