{"id":3506,"date":"2026-02-12T09:33:34","date_gmt":"2026-02-12T08:33:34","guid":{"rendered":"https:\/\/merani.be\/?post_type=product&#038;p=3506"},"modified":"2026-03-12T10:39:50","modified_gmt":"2026-03-12T09:39:50","slug":"vintage-handgefertigte-holzerne-indische-musiker-statuen-satz-von-2","status":"publish","type":"product","link":"https:\/\/merani.be\/de\/product\/vintage-handgemaakte-houten-indische-muzikanten-beelden-set-van-2\/","title":{"rendered":"Vintage handgefertigte h\u00f6lzerne indische Musiker Statuen - Satz von 2"},"content":{"rendered":"<p data-start=\"287\" data-end=\"645\">\u00a0Verleihen Sie Ihrem Interieur einen Hauch von exotischem Charme und Musikgeschichte mit diesem sch\u00f6nen Set aus handgefertigten indischen Musikerfiguren im Vintage-Stil. Jede Figur ist aus Holz handgeschnitzt und stellt einen Musiker dar, der in sein Instrument vertieft ist. Die nat\u00fcrliche Holztextur, die subtilen Gebrauchsspuren und die sanften Farbt\u00f6ne verleihen jedem St\u00fcck einen lebendigen und authentischen Charakter.<\/p>\n<p data-start=\"287\" data-end=\"645\">Im Westen Indiens spielt die Musik seit Jahrhunderten eine zentrale Rolle im t\u00e4glichen Leben. Reisende Volksmusiker aus Rajasthan zogen von Dorf zu Dorf und brachten Geschichten, Traditionen und Emotionen durch Saiteninstrumente und Holzfl\u00f6ten zum Leben. Ihre farbenfrohe Kleidung und die markanten Turbane wurden zu einem erkennbaren Teil der regionalen Kultur.<\/p>\n<p data-start=\"733\" data-end=\"1083\">Das Besondere an diesen handgefertigten Holzskulpturen ist ihr lebendiges Erscheinungsbild. Die Musiker scheinen ganz in ihre Musik versunken zu sein. Ihre Haltung, die leicht angewinkelten Arme, die Konzentration in ihren Gesichtern - alles strahlt Bewegung aus.<\/p>\n<p data-start=\"733\" data-end=\"1083\">Ist Ihr Interieur sauber und neutral? M\u00f6chten Sie Ihrem Interieur mehr Charakter verleihen? Diese Holzskulpturen durchbrechen diese Leere mit W\u00e4rme und Pers\u00f6nlichkeit. Sie verwandeln ein einfaches Regal in einen Ort mit einer Geschichte. Sie geben einem Schrank mehr Seele. Sie lassen einen Raum weniger anonym erscheinen. Damit sind sie nicht nur Dekoration, sondern ein subtiles Kunstobjekt, das einem Raum Atmosph\u00e4re und Tiefe verleiht. Ein Muss f\u00fcr Liebhaber von ethnischer Kunst und Vintage-Fundst\u00fccken, f\u00fcr Musikliebhaber oder f\u00fcr diejenigen, die ihr Zuhause mit etwas bereichern wollen, das nicht in jedem Gesch\u00e4ft zu finden ist.  Kombinieren Sie sie mit Leinen, Keramik, Rattan oder nat\u00fcrlichen Stoffen, um ein harmonisches Ganzes zu schaffen. Platzieren Sie sie neben Kunstb\u00fcchern, auf einem Sideboard oder in einem offenen Schrank f\u00fcr einen subtilen, aber pr\u00e4senten Blickfang.<\/p>\n<p data-start=\"733\" data-end=\"1083\"><strong>Warum Sie diese Figuren lieben werden:<\/strong><\/p>\n<p data-start=\"2913\" data-end=\"3263\">Im Rahmen der Fair-Trade-Vision von Merani werden diese handgefertigten Holzskulpturen sorgf\u00e4ltig von Werkst\u00e4tten ausgew\u00e4hlt, in denen noch traditionelle Techniken angewandt werden. Durch die Wahl von Handarbeit unterst\u00fctzen wir die Handwerkskunst und respektieren die kulturellen Traditionen der Handwerker. Kleine Unvollkommenheiten sind kein Fehler, sondern ein Zeichen der menschlichen Aufmerksamkeit.<\/p>\n<p data-start=\"3265\" data-end=\"3361\">Das macht jede Skulptur zu einem Einzelst\u00fcck. Keine Massenproduktion. Limitierte Auflage !<\/p>\n<p data-start=\"3265\" data-end=\"3361\">Sie sind ein einzigartiges Sammlerst\u00fcck, das bei jedem Gast f\u00fcr Gespr\u00e4chsstoff sorgt.<\/p>\n<p data-start=\"3363\" data-end=\"3584\">Der robuste schwarze Sockel sorgt daf\u00fcr, dass die Statuen stabil aufgestellt werden k\u00f6nnen, w\u00e4hrend die kompakte Gr\u00f6\u00dfe sie f\u00fcr eine Vielzahl von R\u00e4umen geeignet macht. Sie nehmen wenig Platz ein, verleihen aber viel Ausstrahlung.<\/p>\n<p>Jede Musikerstatue spielt ein anderes traditionelles indisches Musikinstrument.<\/p>\n<p>Bringen Sie die Kl\u00e4nge und Farben Asiens in Ihr Zuhause. Bestellen Sie dieses einzigartige Set noch heute!<\/p>\n<p>(Musikinstrument und Farben k\u00f6nnen vom Foto abweichen)<\/p>\n<p>Ma\u00dfe Holzsockel: ca. 7 cm x 7 cm, H\u00f6he: 22 cm<\/p>","protected":false},"excerpt":{"rendered":"<p>Vintage Handmade Wooden Indian Musicians Statuen aus Rajasthan.<\/p>\n<p><strong>Wesentliche Merkmale:<\/strong><\/p>\n<ul>\n<li>Authentische Handwerkskunst<\/li>\n<li>Vintage-Charakter<\/li>\n<li>Vielseitige Dekoration<\/li>\n<li>Hergestellt aus langlebigem, nat\u00fcrlichem Holz<\/li>\n<li>Perfekt f\u00fcr alle, die einen Blickfang f\u00fcr ihr Interieur suchen<\/li>\n<\/ul>","protected":false},"featured_media":4032,"comment_status":"open","ping_status":"closed","template":"","meta":[],"product_brand":[753],"product_cat":[716],"product_tag":[765,766],"class_list":{"0":"post-3506","1":"product","2":"type-product","3":"status-publish","4":"has-post-thumbnail","6":"product_brand-paloma-black","7":"product_cat-decoratie","8":"product_tag-houtsnijwerk","9":"product_tag-muzikantenbeeldjes","11":"first","12":"instock","13":"taxable","14":"shipping-taxable","15":"purchasable","16":"product-type-simple"},"_links":{"self":[{"href":"https:\/\/merani.be\/de\/wp-json\/wp\/v2\/product\/3506","targetHints":{"allow":["GET"]}}],"collection":[{"href":"https:\/\/merani.be\/de\/wp-json\/wp\/v2\/product"}],"about":[{"href":"https:\/\/merani.be\/de\/wp-json\/wp\/v2\/types\/product"}],"replies":[{"embeddable":true,"href":"https:\/\/merani.be\/de\/wp-json\/wp\/v2\/comments?post=3506"}],"version-history":[{"count":0,"href":"https:\/\/merani.be\/de\/wp-json\/wp\/v2\/product\/3506\/revisions"}],"wp:featuredmedia":[{"embeddable":true,"href":"https:\/\/merani.be\/de\/wp-json\/wp\/v2\/media\/4032"}],"wp:attachment":[{"href":"https:\/\/merani.be\/de\/wp-json\/wp\/v2\/media?parent=3506"}],"wp:term":[{"taxonomy":"product_brand","embeddable":true,"href":"https:\/\/merani.be\/de\/wp-json\/wp\/v2\/product_brand?post=3506"},{"taxonomy":"product_cat","embeddable":true,"href":"https:\/\/merani.be\/de\/wp-json\/wp\/v2\/product_cat?post=3506"},{"taxonomy":"product_tag","embeddable":true,"href":"https:\/\/merani.be\/de\/wp-json\/wp\/v2\/product_tag?post=3506"}],"curies":[{"name":"wp","href":"https:\/\/api.w.org\/{rel}","templated":true}]}}