{"id":3445,"date":"2026-02-10T15:20:54","date_gmt":"2026-02-10T14:20:54","guid":{"rendered":"https:\/\/merani.be\/?post_type=product&#038;p=3445"},"modified":"2026-04-13T08:44:53","modified_gmt":"2026-04-13T06:44:53","slug":"handgemachte-patchwork-tasche-einzigartige-umhangetasche","status":"publish","type":"product","link":"https:\/\/merani.be\/de\/product\/handgemaakte-patchwork-tas-unieke-messenger-bag\/","title":{"rendered":"Handgemaakte Patchwork Tas - Unieke Messenger Bag"},"content":{"rendered":"<blockquote>\n<p style=\"text-align: center;\"><span style=\"color: #1f4a66;\"><em>Geboren im Land der heiligen K\u00fche<\/em><\/span><\/p>\n<p style=\"text-align: center;\"><span style=\"color: #1f4a66;\"><em>Friedlich von Menschenhand gefertigt<\/em><\/span><\/p>\n<p style=\"text-align: center;\"><span style=\"color: #1f4a66;\"><em>Diese Tasche geht \u00fcber Mode hinaus<\/em><\/span><\/p>\n<p style=\"text-align: center;\"><span style=\"color: #1f4a66;\"><em>Partner des zeitlosen Ausdrucks<\/em><\/span><\/p>\n<\/blockquote>\n<h1 class=\"ds-markdown-paragraph\"><strong>Entdecken Sie die handgefertigte Umh\u00e4ngetasche: Stilvoll &amp; un\u00fcbertroffen funktionell<\/strong><\/h1>\n<ul>\n<li>\n<h2>Was ist eine Umh\u00e4ngetasche?<\/h2>\n<\/li>\n<\/ul>\n<p>Die Messenger-Tasche ist eine vielseitige, ger\u00e4umige Tasche, die diagonal oder \u00fcber einer Schulter getragen wird und oben mit einem langen Rei\u00dfverschluss geschlossen wird. Innen sind sie mit verschiedenen F\u00e4chern ausgestattet und die Au\u00dfenseite ist oft aus Canvas, Leder oder Segeltuch gefertigt. Messenger-Taschen sind beliebt wegen der robusten Au\u00dfenseite \u2013 funktionalen Innenseite-Kombination.<\/p>\n<p class=\"ds-markdown-paragraph\">Entdecken Sie unsere Multi Patch Messenger Box Bag: die perfekte Synthese aus robuster Handwerkskunst, umweltbewusstem Design und t\u00e4glicher Praktikabilit\u00e4t. Diese sorgf\u00e4ltig handgefertigte Umh\u00e4ngetasche zeichnet sich durch ihre strukturierte \u2018Box\u2019-Silhouette aus, die einen modernen, auff\u00e4lligen Look bietet, ohne an Nutzbarkeit einzub\u00fc\u00dfen. Hergestellt aus recyceltem Canvas-Baumwollstoff und mit Echtleder akzentuiert, ist diese Tasche eine nachhaltige Wahl f\u00fcr die stilbewusste, unternehmerische Frau. Ideal f\u00fcr Arbeit, Reisen und all Ihre t\u00e4glichen Abenteuer.<\/p>\n<ul>\n<li class=\"ds-markdown-paragraph\">\n<h4>Eine Oase der Organisation<\/h4>\n<\/li>\n<\/ul>\n<p>Lassen Sie das Chaos hinter sich. Diese Tasche ist auf maximale Effizienz ausgelegt. Sie <strong>ger\u00e4umiges Hauptfach<\/strong> bietet gen\u00fcgend Platz f\u00fcr einen Laptop (bis ca. 13 Zoll), ein Tablet, B\u00fccher und mehr. Im Inneren bleibt alles organisiert mit <strong>1 Rei\u00dfverschlusstasche und 2 offene Taschen<\/strong> f\u00fcr kleinere Gegenst\u00e4nde. Die <strong>abschlie\u00dfbare Ges\u00e4\u00dftasche mit Rei\u00dfverschluss<\/strong> bietet blitzschnellen und sicheren Zugriff auf Ihr Telefon, Ihr Portemonnaie oder Ihre Chipkarte f\u00fcr \u00f6ffentliche Verkehrsmittel - perfekt f\u00fcr unterwegs.<\/p>\n<ul>\n<li class=\"ds-markdown-paragraph\">\n<h4>Nachhaltigkeit bis ins Detail &amp; einzigartiger Charakter<\/h4>\n<\/li>\n<\/ul>\n<p>Durch die Wahl <strong>Recyceltes Segeltuch, Baumwolle und echtes Leder<\/strong> hochwertige Materialien zu neuem Leben erweckt werden. Die <strong>strapazierf\u00e4higes Poly-Baumwollfutter<\/strong> und <strong>hochwertige Beschl\u00e4ge mit antiker Oberfl\u00e4che<\/strong> garantieren eine lange Nutzungsdauer. Weil jede Tasche mit Sorgfalt hergestellt wird <strong>handgefertigt in Indien<\/strong>, Die nat\u00fcrlichen Variationen des recycelten Materials sind Teil des Charmes. Das bedeutet, dass jede Multi Patch Bag einen einzigartigen, individuellen Charakter hat, den umweltbewusste Kunden sch\u00e4tzen.<\/p>\n<ul>\n<li>\n<h4>Vielseitige Kleidung f\u00fcr einen aktiven Lebensstil<\/h4>\n<\/li>\n<\/ul>\n<p>W\u00e4hlen Sie Ihren bevorzugten Tragestil. Verwenden Sie die robuste <strong>25-Zoll-Griff oben<\/strong> f\u00fcr elegante Kleidung, oder verwenden Sie die <strong>verstellbarer und abnehmbarer Schultergurt (L\u00e4nge bis zu 52 Zoll)<\/strong> f\u00fcr bequeme, freih\u00e4ndige Mobilit\u00e4t. Die Tasche verschlie\u00dft sicher mit einem <strong>zuverl\u00e4ssiger YKK-Rei\u00dfverschluss<\/strong>, dem Industriestandard f\u00fcr Nachhaltigkeit.<\/p>\n<p class=\"ds-markdown-paragraph\"><strong>Produktspezifikationen, die ins Auge stechen:<\/strong><\/p>\n<ul>\n<li>\n<p class=\"ds-markdown-paragraph\"><strong>Materialien:<\/strong> Recyceltes Baumwoll-Canvas, echtes Leder, Futter aus Poly-Baumwolle.<\/p>\n<\/li>\n<li>\n<p class=\"ds-markdown-paragraph\"><strong>Abmessungen (H x B x T):<\/strong> 13,5 \u00d7 15 \u00d7 4,5 Zoll (ca. 34 x 38 x 11,5 cm). Ger\u00e4umig genug f\u00fcr die t\u00e4gliche Arbeit und f\u00fcr Reisen.<\/p>\n<\/li>\n<li>\n<p class=\"ds-markdown-paragraph\"><strong>Tragem\u00f6glichkeiten:<\/strong> Griff oben (63,5 cm \/ 25 Zoll) + verstellbarer Schultergurt (bis 132 cm \/ 52 Zoll).<\/p>\n<\/li>\n<li>\n<p class=\"ds-markdown-paragraph\"><strong>Organisation:<\/strong> 1 Au\u00dfentasche mit Rei\u00dfverschluss (hinten), 1 Innentasche mit Rei\u00dfverschluss, 2 Innentaschen mit Schlupf.<\/p>\n<\/li>\n<li>\n<p class=\"ds-markdown-paragraph\"><strong>Verschluss &amp; Hardware:<\/strong> YKK-Rei\u00dfverschluss und hochwertige Beschl\u00e4ge mit antiker Oberfl\u00e4che.<\/p>\n<\/li>\n<li>\n<p class=\"ds-markdown-paragraph\"><strong>Provenienz:<\/strong> Handgefertigt in Indien. Einzigartig aufgrund der nat\u00fcrlichen Schwankungen des recycelten Materials.<\/p>\n<\/li>\n<\/ul>\n<p class=\"ds-markdown-paragraph\"><strong>Perfekt f\u00fcr:<\/strong><\/p>\n<ul>\n<li>\n<p class=\"ds-markdown-paragraph\">Berufst\u00e4tige, die eine stilvolle und organisierte Arbeitstasche suchen.<\/p>\n<\/li>\n<li>\n<p class=\"ds-markdown-paragraph\">Kreative und Studenten, die Raum und Struktur brauchen.<\/p>\n<\/li>\n<li>\n<p class=\"ds-markdown-paragraph\">Reisende, die eine robuste und funktionelle Tagestasche sch\u00e4tzen.<\/p>\n<\/li>\n<li>Damen, die keine Tasche suchen, sondern \u201deine Handtasche mit Geschichte\u201d!<\/li>\n<\/ul>\n<p>\u00dcberzeugt? Lesen Sie auch unseren Blog:\u00a0<a href=\"https:\/\/merani.be\/de\/handgefertigte-tasche-aus-sareestoff\/\">https:\/\/merani.be\/handgemaakte-tas-van-saree\/<\/a><\/p>","protected":false},"excerpt":{"rendered":"<p>Handgemaakte Patchwork Tas - Unieke Messenger Bag<\/p>\n<p><span style=\"color: #1f4a66;\"><strong>Keine Tasche, die in deinem Schrank verschwindet ... sondern eine, die Geschichten tr\u00e4gt.<\/strong><\/span><\/p>\n<p>Handgefertigt aus sorgf\u00e4ltig ausgew\u00e4hlten Sarituchstoffen und veredelt mit reich besticktem Leder, erz\u00e4hlt jedes Detail eine Geschichte von Handwerkskunst und Herkunft. Zeitlos, einzigartig und raffiniert \u2013 f\u00fcr Frauen, die Bedeutung \u00fcber Masse w\u00e4hlen.<\/p>\n<p><strong>Einzigartig und nachhaltig:<\/strong> Handgefertigt aus recycelter Canvas-Baumwolle und echtem Leder. Jedes St\u00fcck ist ein Unikat.<\/p>\n<p><strong>Strukturiertes Design:<\/strong> Moderne \u2018Boxbag\u2019-Form mit einer markanten und zeitlosen Silhouette.<\/p>\n<p><strong>Hervorragend organisiert:<\/strong> Ger\u00e4umiges Hauptfach mit Innentaschen und einer praktischen Rei\u00dfverschlusstasche auf der R\u00fcckseite.<\/p>\n<p><strong>Sicher und robust:<\/strong> Gesichert mit einem robusten YKK-Rei\u00dfverschluss und hochwertiger Hardware.<\/p>\n<p><strong>Vielseitig und tragbar:<\/strong> Mit Griff (25\u2033) und verstellbarem Schultergurt (bis zu 52\u2033).<\/p>","protected":false},"featured_media":5608,"comment_status":"open","ping_status":"closed","template":"","meta":[],"product_brand":[749],"product_cat":[729,710],"product_tag":[923,752,925,924],"class_list":{"0":"post-3445","1":"product","2":"type-product","3":"status-publish","4":"has-post-thumbnail","6":"product_brand-hopofly","7":"product_cat-handtassen","8":"product_cat-nieuwe","9":"product_tag-boekentas","10":"product_tag-messenger-tas","11":"product_tag-reistas","12":"product_tag-ruime-handtas","14":"first","15":"instock","16":"taxable","17":"shipping-taxable","18":"purchasable","19":"product-type-simple"},"_links":{"self":[{"href":"https:\/\/merani.be\/de\/wp-json\/wp\/v2\/product\/3445","targetHints":{"allow":["GET"]}}],"collection":[{"href":"https:\/\/merani.be\/de\/wp-json\/wp\/v2\/product"}],"about":[{"href":"https:\/\/merani.be\/de\/wp-json\/wp\/v2\/types\/product"}],"replies":[{"embeddable":true,"href":"https:\/\/merani.be\/de\/wp-json\/wp\/v2\/comments?post=3445"}],"version-history":[{"count":0,"href":"https:\/\/merani.be\/de\/wp-json\/wp\/v2\/product\/3445\/revisions"}],"wp:featuredmedia":[{"embeddable":true,"href":"https:\/\/merani.be\/de\/wp-json\/wp\/v2\/media\/5608"}],"wp:attachment":[{"href":"https:\/\/merani.be\/de\/wp-json\/wp\/v2\/media?parent=3445"}],"wp:term":[{"taxonomy":"product_brand","embeddable":true,"href":"https:\/\/merani.be\/de\/wp-json\/wp\/v2\/product_brand?post=3445"},{"taxonomy":"product_cat","embeddable":true,"href":"https:\/\/merani.be\/de\/wp-json\/wp\/v2\/product_cat?post=3445"},{"taxonomy":"product_tag","embeddable":true,"href":"https:\/\/merani.be\/de\/wp-json\/wp\/v2\/product_tag?post=3445"}],"curies":[{"name":"wp","href":"https:\/\/api.w.org\/{rel}","templated":true}]}}