{"id":3435,"date":"2026-02-10T14:01:59","date_gmt":"2026-02-10T13:01:59","guid":{"rendered":"https:\/\/merani.be\/?post_type=product&#038;p=3435"},"modified":"2026-04-13T11:45:07","modified_gmt":"2026-04-13T09:45:07","slug":"bora-ohrringe-aus-messing-mit-kuhhornern","status":"publish","type":"product","link":"https:\/\/merani.be\/de\/product\/messing-bora-oorbellen-met-koehoorn\/","title":{"rendered":"Messing Ohrringe aus B\u00fcffelhorn"},"content":{"rendered":"<p class=\"ds-markdown-paragraph\">\u00d6ffnen Sie ein Fenster zu den tiefen, verborgenen Reicht\u00fcmern des afrikanischen Kontinents mit den Bora-Ohrringen. Diese besondere Kreation, verziert mit Ankole-Knochen und -Horn in dezentem Wei\u00dfton, l\u00e4dt Sie ein, die Verbundenheit mit Mutter Erde zu sp\u00fcren und zu feiern. Die Gold-Wei\u00df-Kombination l\u00e4sst alle Hauttypen strahlen!<\/p>\n<p class=\"ds-markdown-paragraph\">Unser <strong>\u00d6ko-Schick<\/strong> Philosophie erh\u00e4lt hier eine zus\u00e4tzliche, bedeutungsvolle Ebene. Die Ohrringe sind aus hochwertigem Messing gefertigt und werden angereichert mit <strong>Ankole-Kuhhorn und -Knochen, aus ethischer Sicht in Uganda gewonnen<\/strong>. Dies schafft nicht nur einen einzigartigen \u00e4sthetischen Kontrast, sondern generiert auch ein direktes Einkommen f\u00fcr lokale Gemeinschaften in Ostafrika. Jedes Paar wird so zu einem Schmuckst\u00fcck mit einer einzigartigen Seele und einer positiven Geschichte.<\/p>\n<p class=\"ds-markdown-paragraph\">Die Ohrringe sind das Ergebnis von <strong>handwerkliche Leidenschaft<\/strong>, sorgf\u00e4ltig handgefertigt in Nairobi, Kenia. Ihre Wahl unterst\u00fctzt nicht nur das Handwerk unserer lokalen K\u00fcnstler, sondern tr\u00e4gt auch zur W\u00fcrde und zum Wohlstand der Gemeinschaften an der Quelle bei. <strong>Tragen Sie mehr als ein Accessoire; tragen Sie eine Verbindung zur Erde, eine Geschichte der Ethik und ein Emblem des kulturellen Reichtums.<\/strong><\/p>\n<p>Lies auch unseren Blog:<a href=\"https:\/\/merani.be\/de\/was-sind-messing-schmuckstucke\/\"> \u201cWas sind Schmuckst\u00fccke aus Messing &amp;\u00a0<strong>wie instand halten\u201d<\/strong><\/a><\/p>","protected":false},"excerpt":{"rendered":"<p>Messing Ohrringe aus B\u00fcffelhorn<\/p>\n<ul>\n<li><strong>Handgefertigt<\/strong><\/li>\n<li><strong>Ankole bot<\/strong><\/li>\n<li><strong>Blickfang, der zu allen Hautt\u00f6nen passt<\/strong><\/li>\n<\/ul>\n<p>Die De Bora Ohrringe sind ein Fenster zu den verborgenen Reicht\u00fcmern Afrikas. Mit wei\u00dfer Ankole-Knochen und -Horn tragen Sie ein auff\u00e4lliges Paar Ohrringe. Hergestellt aus Messing und ethisch gewonnenen Materialien, erz\u00e4hlen sie eine Geschichte von Nachhaltigkeit und Gemeinschaft. Jedes Paar ist ein handgefertigtes Kunstwerk aus Nairobi, mit Seele und Bedeutung.<\/p>","protected":false},"featured_media":5329,"comment_status":"open","ping_status":"closed","template":"","meta":[],"product_brand":[877],"product_cat":[728,709],"product_tag":[741,747,887,886],"class_list":{"0":"post-3435","1":"product","2":"type-product","3":"status-publish","4":"has-post-thumbnail","6":"product_brand-lamu","7":"product_cat-sieraden","8":"product_cat-cadeautips","9":"product_tag-ankole-bot","10":"product_tag-bora-oorbellen","11":"product_tag-grote-oorbellen","12":"product_tag-messing-oorbellen","14":"first","15":"instock","16":"taxable","17":"shipping-taxable","18":"purchasable","19":"product-type-simple"},"_links":{"self":[{"href":"https:\/\/merani.be\/de\/wp-json\/wp\/v2\/product\/3435","targetHints":{"allow":["GET"]}}],"collection":[{"href":"https:\/\/merani.be\/de\/wp-json\/wp\/v2\/product"}],"about":[{"href":"https:\/\/merani.be\/de\/wp-json\/wp\/v2\/types\/product"}],"replies":[{"embeddable":true,"href":"https:\/\/merani.be\/de\/wp-json\/wp\/v2\/comments?post=3435"}],"version-history":[{"count":0,"href":"https:\/\/merani.be\/de\/wp-json\/wp\/v2\/product\/3435\/revisions"}],"wp:featuredmedia":[{"embeddable":true,"href":"https:\/\/merani.be\/de\/wp-json\/wp\/v2\/media\/5329"}],"wp:attachment":[{"href":"https:\/\/merani.be\/de\/wp-json\/wp\/v2\/media?parent=3435"}],"wp:term":[{"taxonomy":"product_brand","embeddable":true,"href":"https:\/\/merani.be\/de\/wp-json\/wp\/v2\/product_brand?post=3435"},{"taxonomy":"product_cat","embeddable":true,"href":"https:\/\/merani.be\/de\/wp-json\/wp\/v2\/product_cat?post=3435"},{"taxonomy":"product_tag","embeddable":true,"href":"https:\/\/merani.be\/de\/wp-json\/wp\/v2\/product_tag?post=3435"}],"curies":[{"name":"wp","href":"https:\/\/api.w.org\/{rel}","templated":true}]}}