{"id":3432,"date":"2026-02-10T13:56:34","date_gmt":"2026-02-10T12:56:34","guid":{"rendered":"https:\/\/merani.be\/?post_type=product&#038;p=3432"},"modified":"2026-04-13T11:49:10","modified_gmt":"2026-04-13T09:49:10","slug":"organische-oorbellen-nalla-bloem","status":"publish","type":"product","link":"https:\/\/merani.be\/de\/product\/organische-oorbellen-nalla-bloem\/","title":{"rendered":"Bio-Ohrringe Nalla Flower"},"content":{"rendered":"<p>Kurz vor Sonnenaufgang, in diesem magischen Moment, \u00f6ffnet die Afrikanische Prunkwinde ihre Bl\u00fctenbl\u00e4tter \u2013 rein, lebendig von Farbpracht. Nalla f\u00e4ngt diesen Moment ein. Dieser Schmuck, mit seiner raffinierten, bl\u00fctenartigen Struktur, f\u00e4ngt das Licht bei jeder Bewegung ein. Subtil oder strahlend; tanzend im Rhythmus der Natur. Nalla ist kein Trend. <strong>Ohrringe<\/strong> <strong>Nalla bringt Ihnen ein einzigartiges Gef\u00fchl und eine Geschichte, die Sie jeden Tag aufs Neue w\u00e4hlen m\u00f6chten!<\/strong><\/p>\n<p><span style=\"color: #1f4a66;\"><strong>Diese Nalla-Ohrringe sind nur f\u00fcr die Mutigen! Ihr Glanz ist so stark, dass alle Blicke auf dich gerichtet sein werden.<\/strong><\/span><\/p>\n<p class=\"ds-markdown-paragraph\">Unser <strong>\u00d6ko-Schick<\/strong> Versprechen ist in der Verwendung von hochwertigem Messing verankert. Diese Ohrringe sind leicht und angenehm zu tragen. Inspiriert vom afrikanischen Purpurwinden bilden diese Anh\u00e4nger ein Erbst\u00fcck, das gesch\u00e4tzt werden muss. Jedes Paar ist von reinem durchdrungen. <strong>handwerkliche Leidenschaft<\/strong>. Die Nalla Ohrringe werden mit Hingabe und Kunstfertigkeit handgefertigt in Nairobi, Kenia. Indem Sie sich f\u00fcr dieses Schmuckst\u00fcck entscheiden, unterst\u00fctzen Sie direkt die einzigartigen F\u00e4higkeiten unserer lokalen Handwerker und sorgen f\u00fcr eine faire Entlohnung ihrer Arbeit. Tragen Sie nicht nur ein Symbol Ihrer eigenen weiblichen Kraft, sondern auch von Verbundenheit und gerechter Handwerkskunst.<\/p>\n<p>Lies auch unseren Blog:<a href=\"https:\/\/merani.be\/de\/was-sind-messing-schmuckstucke\/\">\u201cWas sind Schmuckst\u00fccke aus Messing &amp;\u00a0<strong>wie instand halten\u201d<\/strong><\/a><\/p>","protected":false},"excerpt":{"rendered":"<p>Bio-Ohrringe Nalla Flower<\/p>\n<p><span style=\"color: #1f4a66;\">Kein subtiles Fl\u00fcstern, sondern eine Explosion von Weiblichkeit.<\/span><\/p>\n<p>Diese Nalla Ohrringe sind Ihr pers\u00f6nliches Embleme f\u00fcr Kraft und Vitalit\u00e4t. So wie Blumen auf ihre eigene Art sch\u00f6n sind, so strahlen Sie auf Ihre eigene einzigartige Weise!<\/p>\n<ul>\n<li><strong>Ultra feminin blomsterm\u00f8nster<\/strong><\/li>\n<li><strong>Handgefertigt<\/strong><\/li>\n<li><strong>Glanz, der Ihr Aussehen sofort aufwertet<\/strong><\/li>\n<li><strong>Kombiniert m\u00fchelos mit sanften und kr\u00e4ftigen Looks<\/strong><\/li>\n<li><strong>Hypoallergen und nickelfrei<\/strong><\/li>\n<\/ul>","protected":false},"featured_media":4048,"comment_status":"open","ping_status":"closed","template":"","meta":[],"product_brand":[877],"product_cat":[728],"product_tag":[904,903,746,905],"class_list":{"0":"post-3432","1":"product","2":"type-product","3":"status-publish","4":"has-post-thumbnail","6":"product_brand-lamu","7":"product_cat-sieraden","8":"product_tag-handmade-oorbellen","9":"product_tag-organische-oorbellen","10":"product_tag-speciale-oorbellen","11":"product_tag-unieke-sieraden","13":"first","14":"instock","15":"taxable","16":"shipping-taxable","17":"purchasable","18":"product-type-simple"},"_links":{"self":[{"href":"https:\/\/merani.be\/de\/wp-json\/wp\/v2\/product\/3432","targetHints":{"allow":["GET"]}}],"collection":[{"href":"https:\/\/merani.be\/de\/wp-json\/wp\/v2\/product"}],"about":[{"href":"https:\/\/merani.be\/de\/wp-json\/wp\/v2\/types\/product"}],"replies":[{"embeddable":true,"href":"https:\/\/merani.be\/de\/wp-json\/wp\/v2\/comments?post=3432"}],"version-history":[{"count":0,"href":"https:\/\/merani.be\/de\/wp-json\/wp\/v2\/product\/3432\/revisions"}],"wp:featuredmedia":[{"embeddable":true,"href":"https:\/\/merani.be\/de\/wp-json\/wp\/v2\/media\/4048"}],"wp:attachment":[{"href":"https:\/\/merani.be\/de\/wp-json\/wp\/v2\/media?parent=3432"}],"wp:term":[{"taxonomy":"product_brand","embeddable":true,"href":"https:\/\/merani.be\/de\/wp-json\/wp\/v2\/product_brand?post=3432"},{"taxonomy":"product_cat","embeddable":true,"href":"https:\/\/merani.be\/de\/wp-json\/wp\/v2\/product_cat?post=3432"},{"taxonomy":"product_tag","embeddable":true,"href":"https:\/\/merani.be\/de\/wp-json\/wp\/v2\/product_tag?post=3432"}],"curies":[{"name":"wp","href":"https:\/\/api.w.org\/{rel}","templated":true}]}}