{"id":3423,"date":"2026-02-10T12:54:50","date_gmt":"2026-02-10T11:54:50","guid":{"rendered":"https:\/\/merani.be\/?post_type=product&#038;p=3423"},"modified":"2026-04-13T12:09:50","modified_gmt":"2026-04-13T10:09:50","slug":"lamu-armband-zeitloser-essential-von-stolz","status":"publish","type":"product","link":"https:\/\/merani.be\/de\/product\/lamu-armband-tijdloze-essential-van-trots\/","title":{"rendered":"Lamu Armband-Zeitlose Essenz des Stolzes"},"content":{"rendered":"<p class=\"ds-markdown-paragraph\">Lass dich von den legend\u00e4ren Landschaften Ostafrikas mit dem Lamu-Armband mitrei\u00dfen. Inspiriert von der imposanten Majest\u00e4t des Mount Kenia und den endlosen, goldenen Str\u00e4nden von Lamu, bringt dieses Schmuckst\u00fcck den Reichtum an dein Handgelenk. Es ist die ideale Wahl f\u00fcr einen besonderen Anlass oder einen magischen Abend, wo es nicht nur dein Outfit bereichert, sondern auch ein bedeutungsvolles Gespr\u00e4ch \u00fcber Nachhaltigkeit und das afrikanische Erbe er\u00f6ffnet.<\/p>\n<p class=\"ds-markdown-paragraph\">Dieses Armband ist Teil unserer tief verwurzelten <strong>Upendo-Kollektion<\/strong>, was \u2018Liebe\u2019 bedeutet. Diese Linie kombiniert harmonisch Materialien mit einer Geschichte: haltbares Messing verschmilzt mit sch\u00f6nen <strong>recyceltes Glas<\/strong>. Diese Kombination ist eine wahre Hymne an Mutter Afrika und steht f\u00fcr Sch\u00f6nheit mit Respekt f\u00fcr unseren Planeten.<\/p>\n<p class=\"ds-markdown-paragraph\">Jedes Schmuckst\u00fcck ist mehr als ein Accessoire, es ist ein Fest der <strong>menschliche Kunstfertigkeit<\/strong>. Unser Wiki-Armband wird mit Hingabe und Liebe zum Detail in Kibera, Nairobi, handgefertigt. Wir arbeiten direkt mit lokalen Kunsthandwerkern zusammen, damit ihre au\u00dfergew\u00f6hnlichen F\u00e4higkeiten und kreativen Visionen fair und direkt entlohnt werden. W\u00e4hlen Sie ein Armband, das nicht nur Ihren Stil definiert, sondern auch eine positive Wirkung hat - eine Geschichte \u00fcber Natur, Kultur und Gerechtigkeit, die Sie jeden Tag tragen k\u00f6nnen.<\/p>\n<p><strong>Farbe: Klarglas<\/strong><\/p>\n<p>Lies auch unseren Blog:<a href=\"https:\/\/merani.be\/de\/was-sind-messing-schmuckstucke\/\">\u201cWas sind Schmuckst\u00fccke aus Messing &amp;\u00a0<strong>wie instandhalten<\/strong>\u201c<\/a><\/p>","protected":false},"excerpt":{"rendered":"<p>Lamu Armband-Zeitlose Essenz des Stolzes<\/p>\n<p><span style=\"color: #1f4a66;\"><strong><em>\u201cLamu \u2013 wo goldene Sonnenunterg\u00e4nge das Meer k\u00fcssen und Wohlstand in Stille gl\u00e4nzt;<\/em><\/strong><\/span><\/p>\n<p><span style=\"color: #1f4a66;\"><strong><em>Schimmert das Lamu-Armband den gleichen Glanz aus: reich an W\u00e4rme, durchdrungen von Stolz.<\/em><\/strong><\/span><\/p>\n<p><span style=\"color: #1f4a66;\"><strong><em>Tragen Sie sie und sp\u00fcren Sie die Seele Afrikas \u2013 Wiege des Menschen, der Sch\u00f6nheit und des Glanzes.\u201d<\/em><\/strong><\/span><\/p>\n<p>Mit diesem Armband machen Sie jeden Anlass zu etwas Besonderem oder Magischem! Es bereichert Ihren Stil intensiv und erz\u00e4hlt eine Geschichte von Nachhaltigkeit und Kultur. Als Teil der Upendo-Kollektion kombiniert er Messing mit recyceltem Glas. Jedes St\u00fcck wird in Nairobi handgefertigt, wo wir Handwerker direkt und fair entlohnen.<\/p>\n<ul>\n<li><strong>Handgefertigt<\/strong><\/li>\n<li><strong>Gro\u00dfer Stein als Blickfang<\/strong><\/li>\n<li><strong>Offen verstellbar R\u00fcckseite<\/strong><\/li>\n<li><strong>Brede armband die je niet kunt negeren<\/strong><\/li>\n<li><strong>Hypoallergen, nickelfrei und rostfrei<\/strong><\/li>\n<\/ul>","protected":false},"featured_media":4595,"comment_status":"open","ping_status":"closed","template":"","meta":[],"product_brand":[730],"product_cat":[728,710],"product_tag":[743,745],"class_list":{"0":"post-3423","1":"product","2":"type-product","3":"status-publish","4":"has-post-thumbnail","6":"product_brand-luma","7":"product_cat-sieraden","8":"product_cat-nieuwe","9":"product_tag-armband","10":"product_tag-handmade-armband","12":"first","13":"instock","14":"taxable","15":"shipping-taxable","16":"purchasable","17":"product-type-simple"},"_links":{"self":[{"href":"https:\/\/merani.be\/de\/wp-json\/wp\/v2\/product\/3423","targetHints":{"allow":["GET"]}}],"collection":[{"href":"https:\/\/merani.be\/de\/wp-json\/wp\/v2\/product"}],"about":[{"href":"https:\/\/merani.be\/de\/wp-json\/wp\/v2\/types\/product"}],"replies":[{"embeddable":true,"href":"https:\/\/merani.be\/de\/wp-json\/wp\/v2\/comments?post=3423"}],"version-history":[{"count":0,"href":"https:\/\/merani.be\/de\/wp-json\/wp\/v2\/product\/3423\/revisions"}],"wp:featuredmedia":[{"embeddable":true,"href":"https:\/\/merani.be\/de\/wp-json\/wp\/v2\/media\/4595"}],"wp:attachment":[{"href":"https:\/\/merani.be\/de\/wp-json\/wp\/v2\/media?parent=3423"}],"wp:term":[{"taxonomy":"product_brand","embeddable":true,"href":"https:\/\/merani.be\/de\/wp-json\/wp\/v2\/product_brand?post=3423"},{"taxonomy":"product_cat","embeddable":true,"href":"https:\/\/merani.be\/de\/wp-json\/wp\/v2\/product_cat?post=3423"},{"taxonomy":"product_tag","embeddable":true,"href":"https:\/\/merani.be\/de\/wp-json\/wp\/v2\/product_tag?post=3423"}],"curies":[{"name":"wp","href":"https:\/\/api.w.org\/{rel}","templated":true}]}}