{"id":3413,"date":"2026-02-10T12:29:54","date_gmt":"2026-02-10T11:29:54","guid":{"rendered":"https:\/\/merani.be\/?post_type=product&#038;p=3413"},"modified":"2026-04-13T11:54:51","modified_gmt":"2026-04-13T09:54:51","slug":"doli-ohrringe","status":"publish","type":"product","link":"https:\/\/merani.be\/de\/product\/doli-oorbellen\/","title":{"rendered":"Doli Ohrringe Handgefertigt mit Ankole-Knochen"},"content":{"rendered":"<p class=\"ds-markdown-paragraph\">Sie ist die spielerische M\u00e4dchenseite in jedem von uns\u2026 die einst davon tr\u00e4umte, eine Prinzessin zu sein, gesehen zu werden. Sie lebt immer noch in dir. Aber damit h\u00f6rt Doli nicht auf. Das nat\u00fcrliche Ankole-Knochen bringt Balance. Rein, erdig, unvollkommen in seiner Perfektion! Es steht f\u00fcr die Frau, die du geworden bist \u2013 mit einer Geschichte, die tiefer ist als oberfl\u00e4chliche Sch\u00f6nheit.<\/p>\n<p>Die Doli Ohrringe sind ein Symbol der Harmonie, sie erinnern dich daran, dass du dich nicht entscheiden musst, du darfst beides sein\u2026<\/p>\n<p><span style=\"color: #1f4a66;\"><strong>Die Prinzessin, die du einst warst\u2026 und die bet\u00f6rende Frau, die du heute bist.<\/strong><\/span><\/p>\n<p class=\"ds-markdown-paragraph\">Unser <strong>\u00d6ko-Schick<\/strong> Philosophie bekommt hier eine zus\u00e4tzliche Dimension. Die Ohrringe sind aus hochwertigem Messing gefertigt und sind angereichert mit <strong>Horn und Knochen der legend\u00e4ren Ankole-Kuh aus Uganda<\/strong>. Dieses Material wird unter ethischen Gesichtspunkten mit Sorgfalt und Respekt gewonnen und sichert den lokalen Viehz\u00fcchtern und Gemeinschaften in Ostafrika ein faires Einkommen. Das Ergebnis ist mehr als nur ein Schmuckst\u00fcck: Es ist ein Tr\u00e4ger von Geschichte, Kultur und positiven Auswirkungen.<\/p>\n<p class=\"ds-markdown-paragraph\"><strong>Farbe: Schwarz<\/strong><\/p>\n<p>Lies auch unseren Blog:<a href=\"https:\/\/merani.be\/de\/was-sind-messing-schmuckstucke\/\">\u201cWas sind Schmuckst\u00fccke aus Messing &amp;\u00a0<strong>wie instandhalten<\/strong>\u201c<\/a><\/p>","protected":false},"excerpt":{"rendered":"<p>Doli Ohrringe Handgefertigt mit Ankole-Knochen<\/p>\n<p>Doli bedeutet <em>Puppe <\/em>im Swahili\u2026 aber untersch\u00e4tze sie nicht! <span style=\"color: #1f4a66;\"><strong>\u201cJedes M\u00e4dchen ist eine Puppe. Entweder Anmut oder Doli!\u201d <\/strong><\/span><\/p>\n<p>Dieses einzigartige Design mit Ankole-Knochen zieht sofort alle Blicke auf sich und ist perfekt f\u00fcr jede Stimmung.<\/p>\n<ul>\n<li><strong>Handgefertigte elegante Anh\u00e4nger<\/strong><\/li>\n<li><strong>Messing verst\u00e4rkt mit nat\u00fcrlichem Knochen<\/strong><\/li>\n<li><strong>Verschmelzung von Ursprung und Ausstrahlung<\/strong><\/li>\n<\/ul>\n<p>&nbsp;<\/p>","protected":false},"featured_media":5433,"comment_status":"open","ping_status":"closed","template":"","meta":[],"product_brand":[877],"product_cat":[728,710],"product_tag":[911,739,879,903],"class_list":{"0":"post-3413","1":"product","2":"type-product","3":"status-publish","4":"has-post-thumbnail","6":"product_brand-lamu","7":"product_cat-sieraden","8":"product_cat-nieuwe","9":"product_tag-grote-lange-hangers","10":"product_tag-handgemaakte-oorbellen","11":"product_tag-messing-juwelen","12":"product_tag-organische-oorbellen","14":"first","15":"instock","16":"taxable","17":"shipping-taxable","18":"purchasable","19":"product-type-simple"},"_links":{"self":[{"href":"https:\/\/merani.be\/de\/wp-json\/wp\/v2\/product\/3413","targetHints":{"allow":["GET"]}}],"collection":[{"href":"https:\/\/merani.be\/de\/wp-json\/wp\/v2\/product"}],"about":[{"href":"https:\/\/merani.be\/de\/wp-json\/wp\/v2\/types\/product"}],"replies":[{"embeddable":true,"href":"https:\/\/merani.be\/de\/wp-json\/wp\/v2\/comments?post=3413"}],"version-history":[{"count":0,"href":"https:\/\/merani.be\/de\/wp-json\/wp\/v2\/product\/3413\/revisions"}],"wp:featuredmedia":[{"embeddable":true,"href":"https:\/\/merani.be\/de\/wp-json\/wp\/v2\/media\/5433"}],"wp:attachment":[{"href":"https:\/\/merani.be\/de\/wp-json\/wp\/v2\/media?parent=3413"}],"wp:term":[{"taxonomy":"product_brand","embeddable":true,"href":"https:\/\/merani.be\/de\/wp-json\/wp\/v2\/product_brand?post=3413"},{"taxonomy":"product_cat","embeddable":true,"href":"https:\/\/merani.be\/de\/wp-json\/wp\/v2\/product_cat?post=3413"},{"taxonomy":"product_tag","embeddable":true,"href":"https:\/\/merani.be\/de\/wp-json\/wp\/v2\/product_tag?post=3413"}],"curies":[{"name":"wp","href":"https:\/\/api.w.org\/{rel}","templated":true}]}}