{"id":3384,"date":"2026-02-10T09:11:19","date_gmt":"2026-02-10T08:11:19","guid":{"rendered":"https:\/\/merani.be\/?post_type=product&#038;p=3384"},"modified":"2026-04-13T12:22:05","modified_gmt":"2026-04-13T10:22:05","slug":"ein-handgefertigtes-halsband-mit-weisem-glasstein","status":"publish","type":"product","link":"https:\/\/merani.be\/de\/product\/embe-handgemaakte-halsketting-met-witte-glazen-steen\/","title":{"rendered":"Handgefertigte Halskette mit wei\u00dfem Glaskristall"},"content":{"rendered":"<p class=\"ds-markdown-paragraph\">Bringen Sie das Leuchten eines afrikanischen Abends in Ihren Alltag mit dem Embe Choker. Dieses Schmuckst\u00fcck ist der ideale Akzent, um Ihr Outfit zu verwandeln und Sie in den warmen, bezaubernden Farben eines Sonnenuntergangs in der Savanne erstrahlen zu lassen.<\/p>\n<p class=\"ds-markdown-paragraph\">Das einzigartige Design und die satten Farbt\u00f6ne fangen die Essenz des unersch\u00f6pflichen kulturellen Reichtums Afrikas ein. So k\u00f6nnen Sie Ihre Individualit\u00e4t auf raffinierte und kunstvolle Weise zum Ausdruck bringen, mit einer Geschichte, die \u00fcber die Mode hinausgeht.<\/p>\n<p class=\"ds-markdown-paragraph\">Als Teil unserer sinnvollen <strong>Upendo-Kollektion<\/strong>, Dieses Halsband steht f\u00fcr Liebe und Verbundenheit. Jedes Schmuckst\u00fcck ist eine harmonische Kombination aus haltbarem Messing und sch\u00f6nen <strong>recyceltes Glas<\/strong>. Diese Fusion ist eine Ode an Mutter Erde und unser Engagement f\u00fcr verantwortungsvolle, \u00f6kologische Sch\u00f6nheit.<\/p>\n<p class=\"ds-markdown-paragraph\">Es ist mehr als ein Accessoire, es ist ein Tr\u00e4ger von <strong>menschliche Kunstfertigkeit<\/strong>. Alle Schmuckst\u00fccke werden in Kibera, Nairobi, von Hand und mit gro\u00dfer Hingabe hergestellt. Wir arbeiten direkt mit lokalen Kunsthandwerkern zusammen und k\u00f6nnen so ihre au\u00dfergew\u00f6hnlichen F\u00e4higkeiten w\u00fcrdigen und fair entlohnen. W\u00e4hlen Sie ein St\u00fcck, das nicht nur Ihren Stil bereichert, sondern auch eine positive Wirkung hat.<\/p>\n<p><span style=\"color: #1f4a66;\"><strong>W\u00e4hlen Sie f\u00fcr ein Juwel, das weiterhin bezaubert\u2026<\/strong><\/span><\/p>\n<p><strong>Farbe: Messing - Glas (wei\u00df durchsichtig)<\/strong><\/p>\n<p>Lies auch unseren Blog:<a href=\"https:\/\/merani.be\/de\/was-sind-messing-schmuckstucke\/\">\u201cWas sind Schmuckst\u00fccke aus Messing &amp;\u00a0<strong>wie instandhalten<\/strong>\u201c<\/a><\/p>","protected":false},"excerpt":{"rendered":"<p>Handgefertigte Halskette mit wei\u00dfem Glaskristall<\/p>\n<ul>\n<li><strong>Wunderbares Design<\/strong><\/li>\n<li><strong>Handgefertigt<\/strong><\/li>\n<li><strong>Blickfang<\/strong><\/li>\n<\/ul>\n<p>Der Embe Choker verleiht Ihrem Alltag eine besondere Note. Mit seinem einzigartigen Farbton und Design, das den kulturellen Reichtum Afrikas einf\u00e4ngt, wird er Sie wie ein Sonnenuntergang erstrahlen lassen. Dieses Schmuckst\u00fcck aus der Upendo-Kollektion kombiniert harmonisches Messing mit recyceltem Glas. Jedes St\u00fcck wird in Nairobi handgefertigt, wobei lokale Kunsthandwerker direkt und fair entlohnt werden.<\/p>","protected":false},"featured_media":5346,"comment_status":"open","ping_status":"closed","template":"","meta":[],"product_brand":[877],"product_cat":[728],"product_tag":[736,884,885,883],"class_list":{"0":"post-3384","1":"product","2":"type-product","3":"status-publish","4":"has-post-thumbnail","6":"product_brand-lamu","7":"product_cat-sieraden","8":"product_tag-choker-bijzonder-sieraad","9":"product_tag-klassevol","10":"product_tag-messing-sieraden","11":"product_tag-tijdloos","13":"first","14":"instock","15":"taxable","16":"shipping-taxable","17":"purchasable","18":"product-type-simple"},"_links":{"self":[{"href":"https:\/\/merani.be\/de\/wp-json\/wp\/v2\/product\/3384","targetHints":{"allow":["GET"]}}],"collection":[{"href":"https:\/\/merani.be\/de\/wp-json\/wp\/v2\/product"}],"about":[{"href":"https:\/\/merani.be\/de\/wp-json\/wp\/v2\/types\/product"}],"replies":[{"embeddable":true,"href":"https:\/\/merani.be\/de\/wp-json\/wp\/v2\/comments?post=3384"}],"version-history":[{"count":0,"href":"https:\/\/merani.be\/de\/wp-json\/wp\/v2\/product\/3384\/revisions"}],"wp:featuredmedia":[{"embeddable":true,"href":"https:\/\/merani.be\/de\/wp-json\/wp\/v2\/media\/5346"}],"wp:attachment":[{"href":"https:\/\/merani.be\/de\/wp-json\/wp\/v2\/media?parent=3384"}],"wp:term":[{"taxonomy":"product_brand","embeddable":true,"href":"https:\/\/merani.be\/de\/wp-json\/wp\/v2\/product_brand?post=3384"},{"taxonomy":"product_cat","embeddable":true,"href":"https:\/\/merani.be\/de\/wp-json\/wp\/v2\/product_cat?post=3384"},{"taxonomy":"product_tag","embeddable":true,"href":"https:\/\/merani.be\/de\/wp-json\/wp\/v2\/product_tag?post=3384"}],"curies":[{"name":"wp","href":"https:\/\/api.w.org\/{rel}","templated":true}]}}